{"id":11088,"date":"2022-02-11T09:07:12","date_gmt":"2022-02-11T09:07:12","guid":{"rendered":"https:\/\/www.dinamicaballet.com\/producto\/tapis-de-danse-classique-reversible-duo\/"},"modified":"2024-09-09T17:07:20","modified_gmt":"2024-09-09T16:07:20","slug":"tapis-de-danse-classique-reversible","status":"publish","type":"product","link":"https:\/\/www.dinamicaballet.com\/fr\/producto\/tapis-de-danse-classique-reversible\/","title":{"rendered":"Tapis de danse r\u00e9versible"},"content":{"rendered":"<h3>Deux tapis en un pour satisfaire les danseuses les plus exigeantes<\/h3>\n<p>C&rsquo;est un tapis r\u00e9versible gris d&rsquo;un c\u00f4t\u00e9 et noir de l&rsquo;autre. D\u00e9roulez-le et utilisez-le des deux c\u00f4t\u00e9s afin de minimiser son usure et de l&rsquo;assortir aux couleurs de votre espace. Avec sa douceur, son amorti et son adh\u00e9rence, il est parfait pour r\u00e9aliser des exercices de n&rsquo;importe quelle discipline, avec ou sans barre de danse. Les deux couches de PVC antid\u00e9rapant adh\u00e8rent \u00e0 tous les types de sols. Si vous voulez une fixation totale, vous pouvez utiliser un ruban adh\u00e9sif simple face.<\/p>\n<p>Il est disponible en trois dimensions pour mieux s&rsquo;adapter \u00e0 la taille de vos barres de danse.<\/p>\n<ul>\n<li>2m x 1m: 4,2 kg<\/li>\n<li>2m x 1,5m: 6,3 kg<\/li>\n<li>2m x 2m: 8,4 kg<\/li>\n<\/ul>\n<a href=\"https:\/\/www.dinamicaballet.com\" class=\"su-button su-button-style-default\" style=\"color:#006B7C;background-color:#FFF2D5;border-color:#ccc2ab;border-radius:5px\" target=\"_blank\" rel=\"noopener noreferrer\"><span style=\"color:#006B7C;padding:0px 16px;font-size:13px;line-height:26px;border-color:#fff6e2;border-radius:5px;text-shadow:none\"> T\u00e9l\u00e9charger des informations techniques<\/span><\/a>\n","protected":false},"excerpt":{"rendered":"<p>Le tapis de danse vous offre un amorti et une stabilit\u00e9 parfaite pour pratiquer vos exercices. Il s&rsquo;agit d&rsquo;un tapis r\u00e9versible compos\u00e9 de deux couches de PVC souples et antid\u00e9rapantes qui vous permet d&rsquo;\u00eatre en toute confiance lorsque vous effectuez des mouvements avec des tours. Disponible en 3 tailles diff\u00e9rentes, vous pouvez l&rsquo;utiliser pour vous entra\u00eener chez vous ou l&#8217;emporter pour des r\u00e9p\u00e9titions et des tourn\u00e9es, quelle que soit votre sp\u00e9cialit\u00e9. De la danse classique au hip hop, en passant par la danse contemporaine, le modern jazz ou m\u00eame les danses comme le flamenco ou les claquettes, le tapis deviendra votre meilleur alli\u00e9 lors de vos r\u00e9p\u00e9titions.<\/p>\n<p><strong>LIVRAISON ET TVA INCLUSES<\/strong><\/p>\n","protected":false},"featured_media":62084,"template":"","meta":{"_editorskit_title_hidden":false,"_editorskit_reading_time":0,"_editorskit_is_block_options_detached":false,"_editorskit_block_options_position":"{}","inline_featured_image":false,"_kad_blocks_custom_css":"","_kad_blocks_head_custom_js":"","_kad_blocks_body_custom_js":"","_kad_blocks_footer_custom_js":""},"product_brand":[],"product_cat":[328,263],"product_tag":[],"class_list":{"0":"post-11088","1":"product","2":"type-product","3":"status-publish","4":"has-post-thumbnail","6":"product_cat-accessoires-de-danse","7":"product_cat-collection-home","8":"post","9":"with-featured-image","11":"first","12":"instock","13":"taxable","14":"shipping-taxable","15":"purchasable","16":"product-type-variable"},"yoast_head":"<!-- This site is optimized with the Yoast SEO plugin v27.0 - https:\/\/yoast.com\/product\/yoast-seo-wordpress\/ -->\n<title>Tapis de danse r\u00e9versible | Dinamica Ballet<\/title>\n<meta name=\"description\" content=\"Disponible en 3 tailles diff\u00e9rentes, vous pouvez l&#039;utiliser pour vous entra\u00eener chez vous ou l&#039;emporter pour des r\u00e9p\u00e9titions et des tourn\u00e9es\" \/>\n<meta name=\"robots\" content=\"index, follow, max-snippet:-1, max-image-preview:large, max-video-preview:-1\" \/>\n<link rel=\"canonical\" href=\"https:\/\/www.dinamicaballet.com\/fr\/producto\/tapis-de-danse-classique-reversible\/\" \/>\n<meta property=\"og:locale\" content=\"fr_FR\" \/>\n<meta property=\"og:type\" content=\"article\" \/>\n<meta property=\"og:title\" content=\"Tapis de danse r\u00e9versible | Dinamica Ballet\" \/>\n<meta property=\"og:description\" content=\"Disponible en 3 tailles diff\u00e9rentes, vous pouvez l&#039;utiliser pour vous entra\u00eener chez vous ou l&#039;emporter pour des r\u00e9p\u00e9titions et des tourn\u00e9es\" \/>\n<meta property=\"og:url\" content=\"https:\/\/www.dinamicaballet.com\/fr\/producto\/tapis-de-danse-classique-reversible\/\" \/>\n<meta property=\"og:site_name\" content=\"Dinamica Ballet\" \/>\n<meta property=\"article:publisher\" content=\"https:\/\/www.facebook.com\/dinamicaballet\" \/>\n<meta property=\"article:modified_time\" content=\"2024-09-09T16:07:20+00:00\" \/>\n<meta property=\"og:image\" content=\"https:\/\/www.dinamicaballet.com\/wp-content\/uploads\/2022\/02\/esterilla_dinamica_ballet.jpg\" \/>\n\t<meta property=\"og:image:width\" content=\"600\" \/>\n\t<meta property=\"og:image:height\" content=\"800\" \/>\n\t<meta property=\"og:image:type\" content=\"image\/jpeg\" \/>\n<meta name=\"twitter:card\" content=\"summary_large_image\" \/>\n<meta name=\"twitter:label1\" content=\"Dur\u00e9e de lecture estim\u00e9e\" \/>\n\t<meta name=\"twitter:data1\" content=\"1 minute\" \/>\n<script type=\"application\/ld+json\" class=\"yoast-schema-graph\">{\"@context\":\"https:\/\/schema.org\",\"@graph\":[{\"@type\":\"WebPage\",\"@id\":\"https:\/\/www.dinamicaballet.com\/fr\/producto\/tapis-de-danse-classique-reversible\/\",\"url\":\"https:\/\/www.dinamicaballet.com\/fr\/producto\/tapis-de-danse-classique-reversible\/\",\"name\":\"Tapis de danse r\u00e9versible | Dinamica Ballet\",\"isPartOf\":{\"@id\":\"https:\/\/www.dinamicaballet.com\/fr\/#website\"},\"primaryImageOfPage\":{\"@id\":\"https:\/\/www.dinamicaballet.com\/fr\/producto\/tapis-de-danse-classique-reversible\/#primaryimage\"},\"image\":{\"@id\":\"https:\/\/www.dinamicaballet.com\/fr\/producto\/tapis-de-danse-classique-reversible\/#primaryimage\"},\"thumbnailUrl\":\"https:\/\/www.dinamicaballet.com\/wp-content\/uploads\/2022\/02\/esterilla_dinamica_ballet.jpg\",\"datePublished\":\"2022-02-11T09:07:12+00:00\",\"dateModified\":\"2024-09-09T16:07:20+00:00\",\"description\":\"Disponible en 3 tailles diff\u00e9rentes, vous pouvez l'utiliser pour vous entra\u00eener chez vous ou l'emporter pour des r\u00e9p\u00e9titions et des tourn\u00e9es\",\"inLanguage\":\"fr-FR\",\"potentialAction\":[{\"@type\":\"ReadAction\",\"target\":[\"https:\/\/www.dinamicaballet.com\/fr\/producto\/tapis-de-danse-classique-reversible\/\"]}]},{\"@type\":\"ImageObject\",\"inLanguage\":\"fr-FR\",\"@id\":\"https:\/\/www.dinamicaballet.com\/fr\/producto\/tapis-de-danse-classique-reversible\/#primaryimage\",\"url\":\"https:\/\/www.dinamicaballet.com\/wp-content\/uploads\/2022\/02\/esterilla_dinamica_ballet.jpg\",\"contentUrl\":\"https:\/\/www.dinamicaballet.com\/wp-content\/uploads\/2022\/02\/esterilla_dinamica_ballet.jpg\",\"width\":600,\"height\":800,\"caption\":\"Mat de danza reversible Duo\"},{\"@type\":\"WebSite\",\"@id\":\"https:\/\/www.dinamicaballet.com\/fr\/#website\",\"url\":\"https:\/\/www.dinamicaballet.com\/fr\/\",\"name\":\"Dinamica Ballet\",\"description\":\"Especialistas en barras de ballet y espejos para la danza\",\"publisher\":{\"@id\":\"https:\/\/www.dinamicaballet.com\/fr\/#organization\"},\"potentialAction\":[{\"@type\":\"SearchAction\",\"target\":{\"@type\":\"EntryPoint\",\"urlTemplate\":\"https:\/\/www.dinamicaballet.com\/fr\/?s={search_term_string}\"},\"query-input\":{\"@type\":\"PropertyValueSpecification\",\"valueRequired\":true,\"valueName\":\"search_term_string\"}}],\"inLanguage\":\"fr-FR\"},{\"@type\":\"Organization\",\"@id\":\"https:\/\/www.dinamicaballet.com\/fr\/#organization\",\"name\":\"Dinamica Ballet\",\"url\":\"https:\/\/www.dinamicaballet.com\/fr\/\",\"logo\":{\"@type\":\"ImageObject\",\"inLanguage\":\"fr-FR\",\"@id\":\"https:\/\/www.dinamicaballet.com\/fr\/#\/schema\/logo\/image\/\",\"url\":\"https:\/\/www.dinamicaballet.com\/wp-content\/uploads\/2022\/03\/logo_dinamica_ballet.svg\",\"contentUrl\":\"https:\/\/www.dinamicaballet.com\/wp-content\/uploads\/2022\/03\/logo_dinamica_ballet.svg\",\"width\":284,\"height\":51,\"caption\":\"Dinamica Ballet\"},\"image\":{\"@id\":\"https:\/\/www.dinamicaballet.com\/fr\/#\/schema\/logo\/image\/\"},\"sameAs\":[\"https:\/\/www.facebook.com\/dinamicaballet\",\"https:\/\/www.instagram.com\/dinamicaballet\/\",\"http:\/\/www.linkedin.com\/company\/dinamica-ballet\",\"https:\/\/www.pinterest.com\/DinamicaBallet\/\"]}]}<\/script>\n<!-- \/ Yoast SEO plugin. -->","yoast_head_json":{"title":"Tapis de danse r\u00e9versible | Dinamica Ballet","description":"Disponible en 3 tailles diff\u00e9rentes, vous pouvez l'utiliser pour vous entra\u00eener chez vous ou l'emporter pour des r\u00e9p\u00e9titions et des tourn\u00e9es","robots":{"index":"index","follow":"follow","max-snippet":"max-snippet:-1","max-image-preview":"max-image-preview:large","max-video-preview":"max-video-preview:-1"},"canonical":"https:\/\/www.dinamicaballet.com\/fr\/producto\/tapis-de-danse-classique-reversible\/","og_locale":"fr_FR","og_type":"article","og_title":"Tapis de danse r\u00e9versible | Dinamica Ballet","og_description":"Disponible en 3 tailles diff\u00e9rentes, vous pouvez l'utiliser pour vous entra\u00eener chez vous ou l'emporter pour des r\u00e9p\u00e9titions et des tourn\u00e9es","og_url":"https:\/\/www.dinamicaballet.com\/fr\/producto\/tapis-de-danse-classique-reversible\/","og_site_name":"Dinamica Ballet","article_publisher":"https:\/\/www.facebook.com\/dinamicaballet","article_modified_time":"2024-09-09T16:07:20+00:00","og_image":[{"width":600,"height":800,"url":"https:\/\/www.dinamicaballet.com\/wp-content\/uploads\/2022\/02\/esterilla_dinamica_ballet.jpg","type":"image\/jpeg"}],"twitter_card":"summary_large_image","twitter_misc":{"Dur\u00e9e de lecture estim\u00e9e":"1 minute"},"schema":{"@context":"https:\/\/schema.org","@graph":[{"@type":"WebPage","@id":"https:\/\/www.dinamicaballet.com\/fr\/producto\/tapis-de-danse-classique-reversible\/","url":"https:\/\/www.dinamicaballet.com\/fr\/producto\/tapis-de-danse-classique-reversible\/","name":"Tapis de danse r\u00e9versible | Dinamica Ballet","isPartOf":{"@id":"https:\/\/www.dinamicaballet.com\/fr\/#website"},"primaryImageOfPage":{"@id":"https:\/\/www.dinamicaballet.com\/fr\/producto\/tapis-de-danse-classique-reversible\/#primaryimage"},"image":{"@id":"https:\/\/www.dinamicaballet.com\/fr\/producto\/tapis-de-danse-classique-reversible\/#primaryimage"},"thumbnailUrl":"https:\/\/www.dinamicaballet.com\/wp-content\/uploads\/2022\/02\/esterilla_dinamica_ballet.jpg","datePublished":"2022-02-11T09:07:12+00:00","dateModified":"2024-09-09T16:07:20+00:00","description":"Disponible en 3 tailles diff\u00e9rentes, vous pouvez l'utiliser pour vous entra\u00eener chez vous ou l'emporter pour des r\u00e9p\u00e9titions et des tourn\u00e9es","inLanguage":"fr-FR","potentialAction":[{"@type":"ReadAction","target":["https:\/\/www.dinamicaballet.com\/fr\/producto\/tapis-de-danse-classique-reversible\/"]}]},{"@type":"ImageObject","inLanguage":"fr-FR","@id":"https:\/\/www.dinamicaballet.com\/fr\/producto\/tapis-de-danse-classique-reversible\/#primaryimage","url":"https:\/\/www.dinamicaballet.com\/wp-content\/uploads\/2022\/02\/esterilla_dinamica_ballet.jpg","contentUrl":"https:\/\/www.dinamicaballet.com\/wp-content\/uploads\/2022\/02\/esterilla_dinamica_ballet.jpg","width":600,"height":800,"caption":"Mat de danza reversible Duo"},{"@type":"WebSite","@id":"https:\/\/www.dinamicaballet.com\/fr\/#website","url":"https:\/\/www.dinamicaballet.com\/fr\/","name":"Dinamica Ballet","description":"Especialistas en barras de ballet y espejos para la danza","publisher":{"@id":"https:\/\/www.dinamicaballet.com\/fr\/#organization"},"potentialAction":[{"@type":"SearchAction","target":{"@type":"EntryPoint","urlTemplate":"https:\/\/www.dinamicaballet.com\/fr\/?s={search_term_string}"},"query-input":{"@type":"PropertyValueSpecification","valueRequired":true,"valueName":"search_term_string"}}],"inLanguage":"fr-FR"},{"@type":"Organization","@id":"https:\/\/www.dinamicaballet.com\/fr\/#organization","name":"Dinamica Ballet","url":"https:\/\/www.dinamicaballet.com\/fr\/","logo":{"@type":"ImageObject","inLanguage":"fr-FR","@id":"https:\/\/www.dinamicaballet.com\/fr\/#\/schema\/logo\/image\/","url":"https:\/\/www.dinamicaballet.com\/wp-content\/uploads\/2022\/03\/logo_dinamica_ballet.svg","contentUrl":"https:\/\/www.dinamicaballet.com\/wp-content\/uploads\/2022\/03\/logo_dinamica_ballet.svg","width":284,"height":51,"caption":"Dinamica Ballet"},"image":{"@id":"https:\/\/www.dinamicaballet.com\/fr\/#\/schema\/logo\/image\/"},"sameAs":["https:\/\/www.facebook.com\/dinamicaballet","https:\/\/www.instagram.com\/dinamicaballet\/","http:\/\/www.linkedin.com\/company\/dinamica-ballet","https:\/\/www.pinterest.com\/DinamicaBallet\/"]}]}},"taxonomy_info":{"product_cat":[{"value":328,"label":"Accessoires de danse"},{"value":263,"label":"Collection Home"}]},"featured_image_src_large":["https:\/\/www.dinamicaballet.com\/wp-content\/uploads\/2022\/02\/esterilla_dinamica_ballet.jpg",600,800,false],"author_info":[],"comment_info":"","_links":{"self":[{"href":"https:\/\/www.dinamicaballet.com\/fr\/wp-json\/wp\/v2\/product\/11088","targetHints":{"allow":["GET"]}}],"collection":[{"href":"https:\/\/www.dinamicaballet.com\/fr\/wp-json\/wp\/v2\/product"}],"about":[{"href":"https:\/\/www.dinamicaballet.com\/fr\/wp-json\/wp\/v2\/types\/product"}],"wp:featuredmedia":[{"embeddable":true,"href":"https:\/\/www.dinamicaballet.com\/fr\/wp-json\/wp\/v2\/media\/62084"}],"wp:attachment":[{"href":"https:\/\/www.dinamicaballet.com\/fr\/wp-json\/wp\/v2\/media?parent=11088"}],"wp:term":[{"taxonomy":"product_brand","embeddable":true,"href":"https:\/\/www.dinamicaballet.com\/fr\/wp-json\/wp\/v2\/product_brand?post=11088"},{"taxonomy":"product_cat","embeddable":true,"href":"https:\/\/www.dinamicaballet.com\/fr\/wp-json\/wp\/v2\/product_cat?post=11088"},{"taxonomy":"product_tag","embeddable":true,"href":"https:\/\/www.dinamicaballet.com\/fr\/wp-json\/wp\/v2\/product_tag?post=11088"}],"curies":[{"name":"wp","href":"https:\/\/api.w.org\/{rel}","templated":true}]}}