{"id":98770,"date":"2024-06-19T15:07:52","date_gmt":"2024-06-19T14:07:52","guid":{"rendered":"https:\/\/www.dinamicaballet.com\/?post_type=product&#038;p=98770"},"modified":"2024-07-01T12:36:50","modified_gmt":"2024-07-01T11:36:50","slug":"pack-ballettstange-fur-zu-hause-1-5m-prima-und-tanzmatte-ondine","status":"publish","type":"product","link":"https:\/\/www.dinamicaballet.com\/de\/producto\/pack-ballettstange-fur-zu-hause-1-5m-prima-und-tanzmatte-ondine\/","title":{"rendered":"Pack Ballettstange f\u00fcr zu Hause Prima 1.5m und Tanzmatte Ondine"},"content":{"rendered":"<h3><strong>Die mobile Ballettstange f\u00fcr zu Hause<\/strong><\/h3>\n<p>Die Prima ist die ideale Ballettstange f\u00fcr den Einstieg und zum \u00dcben zwischen den Ballettstunden. Die Stahlsockel mit einem Gewicht von je 6 kg verf\u00fcgen \u00fcber PVC-Kappen, die vor Abdr\u00fccken auf empfindlichen B\u00f6den sch\u00fctzen und beim Aufw\u00e4rmen sowie beim Techniktraining f\u00fcr sicheren Stand sorgen. Mit einem Gesamtgewicht von 16 kg ist die Prima unsere leichteste Ballettstange, sie l\u00e4sst sich nach der Nutzung ganz einfach wegr\u00e4umen. Oder vielleicht doch einfach stehen lassen? Die weichen Linien und das edle Design der Prima verleihen dem Raum das luftige Flair eines Ballettsaals\u2026<\/p>\n<h3><strong>Minimalistisches Design und professionelle Materialen<\/strong><\/h3>\n<p>Genau wie ihre gr\u00f6\u00dferen Schwestern gl\u00e4nzt die Prima mit Qualit\u00e4t: wie bei allen unseren Ballettstangen kommen auch hier nur Materialien von h\u00f6chster G\u00fcte zum Einsatz. Die aus Stahl gefertigten Sockel und Standbeine verf\u00fcgen \u00fcber eine silberfarbene, kratzfeste EP-Beschichtung. Die mit Schrauben direkt an der Halterung montierte, aus dem Holz der Terpentin-Kiefer gefertigte Stange sorgt f\u00fcr den sicheren und angenehmen Griff. Die Prima ist die preiswerteste Ballettstange unserer Kollektion und dennoch ein hochwertiges Ger\u00e4t, mit dem die Freude am Tanzen viele Jahre lang erhalten bleibt.<\/p>\n<h3><strong>Nach Hause liefern lassen und f\u00fcnf Minuten sp\u00e4ter tanzen<\/strong><\/h3>\n<p>Die Prima ist jene Ballettstange, auf die die Mehrzahl unserer Kunden zu Hause vertraut. Lassen auch Sie sich diese in unserem Online-Shop erh\u00e4ltliche Ballettstange einfach an die Haust\u00fcr liefern. Ein Schraubenzieher und der mitgelieferte Inbusschl\u00fcssel ist alles, was Sie zur Montage dieser Ballettstange f\u00fcr zu Hause ben\u00f6tigen.<\/p>\n<h3><strong>Ondine, die Zweiseitige Tanzmatte<\/strong><\/h3>\n<p>Die Ondine ist eigentlich ein kleiner, professioneller Tanzteppich. Sie verf\u00fcgt \u00fcber eine schwarze und eine graue Seite, die beide dieselbe Funktion bieten. F\u00fcr eine gleichm\u00e4\u00dfige Nutzung empfiehlt es sich, beide Seiten der Matte abwechselnd als Tanzfl\u00e4che zu nutzen. Die Ondine ist weich, verf\u00fcgt \u00fcber sehr gute sto\u00dfd\u00e4mpfende Eigenschaften und bietet perfekten Halt bei \u00dcbungen aller Tanzdisziplinen, ganz gleich, ob das Training frei oder an der Stange erfolgt. Die beiden rutschfesten PVC-Schichten haften sehr gut auf allen Bodentypen, wer auf Nummer sicher gehen will, kann die Matte zus\u00e4tzlich mit Klebeband fixieren.<\/p>\n<p><strong>Gewicht: Tanzmatte<\/strong><\/p>\n<ul>\n<li>200 x 100 cm: 4,2kg<\/li>\n<li>200 x 150 cm: 6,3 kg<\/li>\n<li>200 x 195 cm: 8,4 kg<\/li>\n<\/ul>\n<a href=\"https:\/\/www.dinamicaballet.com\/wp-content\/uploads\/2021\/05\/FT-PRIMA-0521-2.pdf\" class=\"su-button su-button-style-default\" style=\"color:#006B7C;background-color:#FFF2D5;border-color:#ccc2ab;border-radius:5px\" target=\"_blank\" rel=\"noopener noreferrer\"><span style=\"color:#006B7C;padding:0px 16px;font-size:13px;line-height:26px;border-color:#fff6e2;border-radius:5px;text-shadow:none\"> Technische Details zum Download Prima<\/span><\/a> <a href=\"https:\/\/www.dinamicaballet.com\/wp-content\/uploads\/2022\/01\/Instruccions-Prima.pdf\" class=\"su-button su-button-style-default\" style=\"color:#006B7C;background-color:#FFF2D5;border-color:#ccc2ab;border-radius:5px\" target=\"_blank\" rel=\"noopener noreferrer\"><span style=\"color:#006B7C;padding:0px 16px;font-size:13px;line-height:26px;border-color:#fff6e2;border-radius:5px;text-shadow:none\"> Montageanleitung zum Download Prima<\/span><\/a>\n","protected":false},"excerpt":{"rendered":"<p class=\"et_pb_text et_pb_module et_pb_bg_layout_light et_pb_text_align_left resumen et_pb_text_1\">Mit der <strong>Prima<\/strong> k\u00f6nnen kleine und gro\u00dfe Tanztalente bequem in den eigenen vier W\u00e4nden \u00fcben und tanzen. Diese leichte Ballettstange l\u00e4sst sich m\u00fchelos am gew\u00fcnschten Ort platzieren und bietet ausreichend Stabilit\u00e4t. So gelingt das\u00a0<em>battement fondu<\/em>\u00a0ganz sicher!<\/p>\n<p>Die <strong>Tanzmatte Ondine<\/strong> bietet gelenkschonende Federung und bietet perfekte Stabilit\u00e4t zum Ausf\u00fchren von \u00dcbungen, so wie zum Aufw\u00e4rmen\u00a0<em>\u00e1 terre<\/em> \u2013 jederzeit und \u00fcberall. Die zweiseitige Matte besteht aus zwei weichen und rutschfesten PVC-Bahnen. Mit dieser Tanzmatte k\u00f6nnen Drehbewegungen sicher und unbeschwert ge\u00fcbt werden. Von Hip-Hop \u00fcber zeitgen\u00f6ssischen Tanz, Jazztanz bis hin zu Flamenco und Stepptanz\u2026. die Ondine ist Ihre perfekte Verb\u00fcndete beim Aufw\u00e4rmen, Trainieren und Proben.<\/p>\n<p>Das Pack enth\u00e4lt <strong>eine 1.5m Ballettstange f\u00fcr zu Hause Prima und e<\/strong><strong>in 2m x 1.m, 2m x 1.5m oder 2m x 1.95m Tanzmatte Ondine<\/strong><\/p>\n<p class=\"et_pb_text et_pb_module et_pb_bg_layout_light et_pb_text_align_left resumen et_pb_text_1\"><strong>VERSANDKOSTEN UND STEUERN INBEGRIFFEN<\/strong><\/p>\n","protected":false},"featured_media":96216,"template":"","meta":{"_editorskit_title_hidden":false,"_editorskit_reading_time":0,"_editorskit_is_block_options_detached":false,"_editorskit_block_options_position":"{}","inline_featured_image":false,"_kad_blocks_custom_css":"","_kad_blocks_head_custom_js":"","_kad_blocks_body_custom_js":"","_kad_blocks_footer_custom_js":""},"product_brand":[],"product_cat":[176,175,182,174,329],"product_tag":[177],"class_list":{"0":"post-98770","1":"product","2":"type-product","3":"status-publish","4":"has-post-thumbnail","6":"product_cat-ballettstangen-fur-zu-hause","7":"product_cat-einer-holzstange","8":"product_cat-hoehenverstellbaren-ballettstangen","9":"product_cat-mobile-ballettstangen","10":"product_cat-zubehoer","11":"product_tag-movil-de","12":"post","13":"with-featured-image","15":"first","16":"instock","17":"taxable","18":"shipping-taxable","19":"purchasable","20":"product-type-variable","21":"has-default-attributes"},"yoast_head":"<!-- This site is optimized with the Yoast SEO plugin v27.0 - https:\/\/yoast.com\/product\/yoast-seo-wordpress\/ -->\n<title>Pack Ballettstange f\u00fcr zu Hause Prima 1.5m und Matte Ondine<\/title>\n<meta name=\"description\" content=\"Die Prima ist die ideale Ballettstange f\u00fcr den Einstieg und die Tanzmatte Ondine bietet gelenkschonende Federung und bietet Stabilit\u00e4t\" \/>\n<meta name=\"robots\" content=\"index, follow, max-snippet:-1, max-image-preview:large, max-video-preview:-1\" \/>\n<link rel=\"canonical\" href=\"https:\/\/www.dinamicaballet.com\/de\/producto\/pack-ballettstange-fur-zu-hause-1-5m-prima-und-tanzmatte-ondine\/\" \/>\n<meta property=\"og:locale\" content=\"de_DE\" \/>\n<meta property=\"og:type\" content=\"article\" \/>\n<meta property=\"og:title\" content=\"Pack Ballettstange f\u00fcr zu Hause Prima 1.5m und Matte Ondine\" \/>\n<meta property=\"og:description\" content=\"Die Prima ist die ideale Ballettstange f\u00fcr den Einstieg und die Tanzmatte Ondine bietet gelenkschonende Federung und bietet Stabilit\u00e4t\" \/>\n<meta property=\"og:url\" content=\"https:\/\/www.dinamicaballet.com\/de\/producto\/pack-ballettstange-fur-zu-hause-1-5m-prima-und-tanzmatte-ondine\/\" \/>\n<meta property=\"og:site_name\" content=\"Dinamica Ballet\" \/>\n<meta property=\"article:publisher\" content=\"https:\/\/www.facebook.com\/dinamicaballet\" \/>\n<meta property=\"article:modified_time\" content=\"2024-07-01T11:36:50+00:00\" \/>\n<meta property=\"og:image\" content=\"https:\/\/www.dinamicaballet.com\/wp-content\/uploads\/2024\/01\/Pack-Prima-Ondine.png\" \/>\n\t<meta property=\"og:image:width\" content=\"600\" \/>\n\t<meta property=\"og:image:height\" content=\"800\" \/>\n\t<meta property=\"og:image:type\" content=\"image\/png\" \/>\n<meta name=\"twitter:card\" content=\"summary_large_image\" \/>\n<meta name=\"twitter:label1\" content=\"Gesch\u00e4tzte Lesezeit\" \/>\n\t<meta name=\"twitter:data1\" content=\"2\u00a0Minuten\" \/>\n<script type=\"application\/ld+json\" class=\"yoast-schema-graph\">{\"@context\":\"https:\/\/schema.org\",\"@graph\":[{\"@type\":\"WebPage\",\"@id\":\"https:\/\/www.dinamicaballet.com\/de\/producto\/pack-ballettstange-fur-zu-hause-1-5m-prima-und-tanzmatte-ondine\/\",\"url\":\"https:\/\/www.dinamicaballet.com\/de\/producto\/pack-ballettstange-fur-zu-hause-1-5m-prima-und-tanzmatte-ondine\/\",\"name\":\"Pack Ballettstange f\u00fcr zu Hause Prima 1.5m und Matte Ondine\",\"isPartOf\":{\"@id\":\"https:\/\/www.dinamicaballet.com\/de\/#website\"},\"primaryImageOfPage\":{\"@id\":\"https:\/\/www.dinamicaballet.com\/de\/producto\/pack-ballettstange-fur-zu-hause-1-5m-prima-und-tanzmatte-ondine\/#primaryimage\"},\"image\":{\"@id\":\"https:\/\/www.dinamicaballet.com\/de\/producto\/pack-ballettstange-fur-zu-hause-1-5m-prima-und-tanzmatte-ondine\/#primaryimage\"},\"thumbnailUrl\":\"https:\/\/www.dinamicaballet.com\/wp-content\/uploads\/2024\/01\/Pack-Prima-Ondine.png\",\"datePublished\":\"2024-06-19T14:07:52+00:00\",\"dateModified\":\"2024-07-01T11:36:50+00:00\",\"description\":\"Die Prima ist die ideale Ballettstange f\u00fcr den Einstieg und die Tanzmatte Ondine bietet gelenkschonende Federung und bietet Stabilit\u00e4t\",\"inLanguage\":\"de\",\"potentialAction\":[{\"@type\":\"ReadAction\",\"target\":[\"https:\/\/www.dinamicaballet.com\/de\/producto\/pack-ballettstange-fur-zu-hause-1-5m-prima-und-tanzmatte-ondine\/\"]}]},{\"@type\":\"ImageObject\",\"inLanguage\":\"de\",\"@id\":\"https:\/\/www.dinamicaballet.com\/de\/producto\/pack-ballettstange-fur-zu-hause-1-5m-prima-und-tanzmatte-ondine\/#primaryimage\",\"url\":\"https:\/\/www.dinamicaballet.com\/wp-content\/uploads\/2024\/01\/Pack-Prima-Ondine.png\",\"contentUrl\":\"https:\/\/www.dinamicaballet.com\/wp-content\/uploads\/2024\/01\/Pack-Prima-Ondine.png\",\"width\":600,\"height\":800},{\"@type\":\"WebSite\",\"@id\":\"https:\/\/www.dinamicaballet.com\/de\/#website\",\"url\":\"https:\/\/www.dinamicaballet.com\/de\/\",\"name\":\"Dinamica Ballet\",\"description\":\"Especialistas en barras de ballet y espejos para la danza\",\"publisher\":{\"@id\":\"https:\/\/www.dinamicaballet.com\/de\/#organization\"},\"potentialAction\":[{\"@type\":\"SearchAction\",\"target\":{\"@type\":\"EntryPoint\",\"urlTemplate\":\"https:\/\/www.dinamicaballet.com\/de\/?s={search_term_string}\"},\"query-input\":{\"@type\":\"PropertyValueSpecification\",\"valueRequired\":true,\"valueName\":\"search_term_string\"}}],\"inLanguage\":\"de\"},{\"@type\":\"Organization\",\"@id\":\"https:\/\/www.dinamicaballet.com\/de\/#organization\",\"name\":\"Dinamica Ballet\",\"url\":\"https:\/\/www.dinamicaballet.com\/de\/\",\"logo\":{\"@type\":\"ImageObject\",\"inLanguage\":\"de\",\"@id\":\"https:\/\/www.dinamicaballet.com\/de\/#\/schema\/logo\/image\/\",\"url\":\"https:\/\/www.dinamicaballet.com\/wp-content\/uploads\/2022\/03\/logo_dinamica_ballet.svg\",\"contentUrl\":\"https:\/\/www.dinamicaballet.com\/wp-content\/uploads\/2022\/03\/logo_dinamica_ballet.svg\",\"width\":284,\"height\":51,\"caption\":\"Dinamica Ballet\"},\"image\":{\"@id\":\"https:\/\/www.dinamicaballet.com\/de\/#\/schema\/logo\/image\/\"},\"sameAs\":[\"https:\/\/www.facebook.com\/dinamicaballet\",\"https:\/\/www.instagram.com\/dinamicaballet\/\",\"http:\/\/www.linkedin.com\/company\/dinamica-ballet\",\"https:\/\/www.pinterest.com\/DinamicaBallet\/\"]}]}<\/script>\n<!-- \/ Yoast SEO plugin. -->","yoast_head_json":{"title":"Pack Ballettstange f\u00fcr zu Hause Prima 1.5m und Matte Ondine","description":"Die Prima ist die ideale Ballettstange f\u00fcr den Einstieg und die Tanzmatte Ondine bietet gelenkschonende Federung und bietet Stabilit\u00e4t","robots":{"index":"index","follow":"follow","max-snippet":"max-snippet:-1","max-image-preview":"max-image-preview:large","max-video-preview":"max-video-preview:-1"},"canonical":"https:\/\/www.dinamicaballet.com\/de\/producto\/pack-ballettstange-fur-zu-hause-1-5m-prima-und-tanzmatte-ondine\/","og_locale":"de_DE","og_type":"article","og_title":"Pack Ballettstange f\u00fcr zu Hause Prima 1.5m und Matte Ondine","og_description":"Die Prima ist die ideale Ballettstange f\u00fcr den Einstieg und die Tanzmatte Ondine bietet gelenkschonende Federung und bietet Stabilit\u00e4t","og_url":"https:\/\/www.dinamicaballet.com\/de\/producto\/pack-ballettstange-fur-zu-hause-1-5m-prima-und-tanzmatte-ondine\/","og_site_name":"Dinamica Ballet","article_publisher":"https:\/\/www.facebook.com\/dinamicaballet","article_modified_time":"2024-07-01T11:36:50+00:00","og_image":[{"width":600,"height":800,"url":"https:\/\/www.dinamicaballet.com\/wp-content\/uploads\/2024\/01\/Pack-Prima-Ondine.png","type":"image\/png"}],"twitter_card":"summary_large_image","twitter_misc":{"Gesch\u00e4tzte Lesezeit":"2\u00a0Minuten"},"schema":{"@context":"https:\/\/schema.org","@graph":[{"@type":"WebPage","@id":"https:\/\/www.dinamicaballet.com\/de\/producto\/pack-ballettstange-fur-zu-hause-1-5m-prima-und-tanzmatte-ondine\/","url":"https:\/\/www.dinamicaballet.com\/de\/producto\/pack-ballettstange-fur-zu-hause-1-5m-prima-und-tanzmatte-ondine\/","name":"Pack Ballettstange f\u00fcr zu Hause Prima 1.5m und Matte Ondine","isPartOf":{"@id":"https:\/\/www.dinamicaballet.com\/de\/#website"},"primaryImageOfPage":{"@id":"https:\/\/www.dinamicaballet.com\/de\/producto\/pack-ballettstange-fur-zu-hause-1-5m-prima-und-tanzmatte-ondine\/#primaryimage"},"image":{"@id":"https:\/\/www.dinamicaballet.com\/de\/producto\/pack-ballettstange-fur-zu-hause-1-5m-prima-und-tanzmatte-ondine\/#primaryimage"},"thumbnailUrl":"https:\/\/www.dinamicaballet.com\/wp-content\/uploads\/2024\/01\/Pack-Prima-Ondine.png","datePublished":"2024-06-19T14:07:52+00:00","dateModified":"2024-07-01T11:36:50+00:00","description":"Die Prima ist die ideale Ballettstange f\u00fcr den Einstieg und die Tanzmatte Ondine bietet gelenkschonende Federung und bietet Stabilit\u00e4t","inLanguage":"de","potentialAction":[{"@type":"ReadAction","target":["https:\/\/www.dinamicaballet.com\/de\/producto\/pack-ballettstange-fur-zu-hause-1-5m-prima-und-tanzmatte-ondine\/"]}]},{"@type":"ImageObject","inLanguage":"de","@id":"https:\/\/www.dinamicaballet.com\/de\/producto\/pack-ballettstange-fur-zu-hause-1-5m-prima-und-tanzmatte-ondine\/#primaryimage","url":"https:\/\/www.dinamicaballet.com\/wp-content\/uploads\/2024\/01\/Pack-Prima-Ondine.png","contentUrl":"https:\/\/www.dinamicaballet.com\/wp-content\/uploads\/2024\/01\/Pack-Prima-Ondine.png","width":600,"height":800},{"@type":"WebSite","@id":"https:\/\/www.dinamicaballet.com\/de\/#website","url":"https:\/\/www.dinamicaballet.com\/de\/","name":"Dinamica Ballet","description":"Especialistas en barras de ballet y espejos para la danza","publisher":{"@id":"https:\/\/www.dinamicaballet.com\/de\/#organization"},"potentialAction":[{"@type":"SearchAction","target":{"@type":"EntryPoint","urlTemplate":"https:\/\/www.dinamicaballet.com\/de\/?s={search_term_string}"},"query-input":{"@type":"PropertyValueSpecification","valueRequired":true,"valueName":"search_term_string"}}],"inLanguage":"de"},{"@type":"Organization","@id":"https:\/\/www.dinamicaballet.com\/de\/#organization","name":"Dinamica Ballet","url":"https:\/\/www.dinamicaballet.com\/de\/","logo":{"@type":"ImageObject","inLanguage":"de","@id":"https:\/\/www.dinamicaballet.com\/de\/#\/schema\/logo\/image\/","url":"https:\/\/www.dinamicaballet.com\/wp-content\/uploads\/2022\/03\/logo_dinamica_ballet.svg","contentUrl":"https:\/\/www.dinamicaballet.com\/wp-content\/uploads\/2022\/03\/logo_dinamica_ballet.svg","width":284,"height":51,"caption":"Dinamica Ballet"},"image":{"@id":"https:\/\/www.dinamicaballet.com\/de\/#\/schema\/logo\/image\/"},"sameAs":["https:\/\/www.facebook.com\/dinamicaballet","https:\/\/www.instagram.com\/dinamicaballet\/","http:\/\/www.linkedin.com\/company\/dinamica-ballet","https:\/\/www.pinterest.com\/DinamicaBallet\/"]}]}},"taxonomy_info":{"product_cat":[{"value":176,"label":"Ballettstangen f\u00fcr zu Hause"},{"value":175,"label":"Einer Holzstange"},{"value":182,"label":"H\u00f6henverstellbaren Ballettstangen"},{"value":174,"label":"Mobile Ballettstangen"},{"value":329,"label":"Zubeh\u00f6r"}],"product_tag":[{"value":177,"label":"movil"}]},"featured_image_src_large":["https:\/\/www.dinamicaballet.com\/wp-content\/uploads\/2024\/01\/Pack-Prima-Ondine.png",600,800,false],"author_info":[],"comment_info":"","_links":{"self":[{"href":"https:\/\/www.dinamicaballet.com\/de\/wp-json\/wp\/v2\/product\/98770","targetHints":{"allow":["GET"]}}],"collection":[{"href":"https:\/\/www.dinamicaballet.com\/de\/wp-json\/wp\/v2\/product"}],"about":[{"href":"https:\/\/www.dinamicaballet.com\/de\/wp-json\/wp\/v2\/types\/product"}],"wp:featuredmedia":[{"embeddable":true,"href":"https:\/\/www.dinamicaballet.com\/de\/wp-json\/wp\/v2\/media\/96216"}],"wp:attachment":[{"href":"https:\/\/www.dinamicaballet.com\/de\/wp-json\/wp\/v2\/media?parent=98770"}],"wp:term":[{"taxonomy":"product_brand","embeddable":true,"href":"https:\/\/www.dinamicaballet.com\/de\/wp-json\/wp\/v2\/product_brand?post=98770"},{"taxonomy":"product_cat","embeddable":true,"href":"https:\/\/www.dinamicaballet.com\/de\/wp-json\/wp\/v2\/product_cat?post=98770"},{"taxonomy":"product_tag","embeddable":true,"href":"https:\/\/www.dinamicaballet.com\/de\/wp-json\/wp\/v2\/product_tag?post=98770"}],"curies":[{"name":"wp","href":"https:\/\/api.w.org\/{rel}","templated":true}]}}