{"id":94196,"date":"2024-01-15T13:29:06","date_gmt":"2024-01-15T12:29:06","guid":{"rendered":"https:\/\/www.dinamicaballet.com\/?post_type=product&#038;p=94196"},"modified":"2025-03-12T15:37:04","modified_gmt":"2025-03-12T14:37:04","slug":"ballettstange-mit-hohenregulierung-fur-zu-hause-juliette-copia","status":"publish","type":"product","link":"https:\/\/www.dinamicaballet.com\/de\/producto\/ballettstange-mit-hohenregulierung-fur-zu-hause-juliette-copia\/","title":{"rendered":"Ballettstange mit H\u00f6henregulierung Juliette und Tanzmatte Ondine"},"content":{"rendered":"<h3><strong>Juliette, eine Ballettstange f\u00fcr die ganze Familie<\/strong><\/h3>\n<p>Die Juliette l\u00e4sst sich spielend leicht auf zw\u00f6lf verschiedene H\u00f6hen anpassen. Der Abstand zwischen der untersten und der obersten Stufe betr\u00e4gt gro\u00dfz\u00fcgige 33 Zentimeter. F\u00fcr den Einstieg gedacht, ist die Juliette f\u00fcr kleine und gro\u00dfe Ballerinen geschaffen, die ihrer Leidenschaft auch zu Hause fr\u00f6nen m\u00f6chten. Die Stahlsockel mit einem Gewicht von je 6 kg bieten Stabilit\u00e4t und Sicherheit zur Durchf\u00fchrung grundlegender \u00dcbungen und sind zum Schutz vor Abdr\u00fccken an empfindlichen B\u00f6den mit PVC-Kappen ausger\u00fcstet.<\/p>\n<h3><strong>Die nat\u00fcrlich warme Terpentin-Kiefer bietet sicheren Halt<\/strong><\/h3>\n<p>Zur Herstellung von Ballettstangen nutzt Dinamica Ballet ausschlie\u00dflich die am besten geeigneten H\u00f6lzer aus nachhaltiger Forstwirtschaft. Der Rohstoff f\u00fcr die gebrauchsfertig polierten, griffigen Massivholzstangen vereint die n\u00f6tige Biegsamkeit mit nat\u00fcrlicher Sch\u00f6nheit.<\/p>\n<h3><b>Juliette ist schneller fertig als eine Tasse Tee<\/b><\/h3>\n<p>Bei der Entwicklung unserer Produkte legen wir besonderes Augenmerk auf die beiden wichtigsten Anspr\u00fcche unserer Kunden: Maximale Lebensdauer und einfache, rasche Montage. Die Juliette l\u00e4sst sich nach Anleitung mit einem Schraubenzieher und dem beiliegenden Inbusschl\u00fcssel in wenigen Minuten aufbauen. Diese Ballettstange ist in unserem Online-Shop erh\u00e4ltlich und wird nach Hause geliefert.<\/p>\n<h3><strong>Ondine, die Zweiseitige Tanzmatte<\/strong><\/h3>\n<p>Die Ondine ist eigentlich ein kleiner, professioneller Tanzteppich. Sie verf\u00fcgt \u00fcber eine schwarze und eine graue Seite, die beide dieselbe Funktion bieten. F\u00fcr eine gleichm\u00e4\u00dfige Nutzung empfiehlt es sich, beide Seiten der Matte abwechselnd als Tanzfl\u00e4che zu nutzen. Die Ondine ist weich, verf\u00fcgt \u00fcber sehr gute sto\u00dfd\u00e4mpfende Eigenschaften und bietet perfekten Halt bei \u00dcbungen aller Tanzdisziplinen, ganz gleich, ob das Training frei oder an der Stange erfolgt. Die beiden rutschfesten PVC-Schichten haften sehr gut auf allen Bodentypen, wer auf Nummer sicher gehen will, kann die Matte zus\u00e4tzlich mit Klebeband fixieren.<\/p>\n<p><strong>Gewicht: Tanzmatte<\/strong>\u00a06.3 kg<\/p>\n<p>&nbsp;<\/p>\n<a href=\"https:\/\/www.dinamicaballet.com\/wp-content\/uploads\/2021\/05\/FT-JULIETTE-0521-2.pdf\" class=\"su-button su-button-style-default\" style=\"color:#006B7C;background-color:#FFF2D5;border-color:#ccc2ab;border-radius:5px\" target=\"_blank\" rel=\"noopener noreferrer\"><span style=\"color:#006B7C;padding:0px 16px;font-size:13px;line-height:26px;border-color:#fff6e2;border-radius:5px;text-shadow:none\"> Technische Details zum Download Juliette<\/span><\/a> <a href=\"https:\/\/www.dinamicaballet.com\/wp-content\/uploads\/2021\/03\/Instruccions-Juliette-1.pdf\" class=\"su-button su-button-style-default\" style=\"color:#006B7C;background-color:#FFF2D5;border-color:#ccc2ab;border-radius:5px\" target=\"_blank\" rel=\"noopener noreferrer\"><span style=\"color:#006B7C;padding:0px 16px;font-size:13px;line-height:26px;border-color:#fff6e2;border-radius:5px;text-shadow:none\"> Download der Montageanleitung Juliette<\/span><\/a>\n","protected":false},"excerpt":{"rendered":"<p class=\"et_pb_text et_pb_module et_pb_bg_layout_light et_pb_text_align_left resumen et_pb_text_1\">Die <strong>h\u00f6henverstellbare Ballettstange Juliette<\/strong> ist f\u00fcr das Training zu Hause gedacht. Die leichte Konstruktion erm\u00f6glicht die einfache Positionierung der Stange am gew\u00fcnschten Ort und sorgt dennoch f\u00fcr die n\u00f6tige Stabilit\u00e4t zur pr\u00e4zisen Ausf\u00fchrung der Arbeit <em>\u00e0 la barre<\/em>. Juliette ist h\u00f6henverstellbar. Mit zw\u00f6lf unterschiedlichen Positionen ist an das Heranwachsen der kleinen T\u00e4nzerinnen und T\u00e4nzer gedacht.<\/p>\n<p>Die <strong>Tanzmatte Ondine<\/strong> bietet gelenkschonende Federung und bietet perfekte Stabilit\u00e4t zum Ausf\u00fchren von \u00dcbungen, so wie zum Aufw\u00e4rmen\u00a0<em>\u00e1 terre<\/em> \u2013 jederzeit und \u00fcberall. Die zweiseitige Matte besteht aus zwei weichen und rutschfesten PVC-Bahnen. Mit dieser Tanzmatte k\u00f6nnen Drehbewegungen sicher und unbeschwert ge\u00fcbt werden. Von Hip-Hop \u00fcber zeitgen\u00f6ssischen Tanz, Jazztanz bis hin zu Flamenco und Stepptanz\u2026. die Ondine ist Ihre perfekte Verb\u00fcndete beim Aufw\u00e4rmen, Trainieren und Proben.<\/p>\n<p>Das Pack enth\u00e4lt:<\/p>\n<ul>\n<li><strong>Eine 1.5m Ballettstange Juliette<\/strong><\/li>\n<li><strong>Ein 2m x 1.5m Tanzmatte Ondine<\/strong><\/li>\n<\/ul>\n<p class=\"et_pb_text et_pb_module et_pb_bg_layout_light et_pb_text_align_left resumen et_pb_text_1\"><strong>VERSANDKOSTEN UND STEUERN INBEGRIFFEN<\/strong><\/p>\n","protected":false},"featured_media":94220,"template":"","meta":{"_editorskit_title_hidden":false,"_editorskit_reading_time":0,"_editorskit_is_block_options_detached":false,"_editorskit_block_options_position":"{}","inline_featured_image":false,"_kad_blocks_custom_css":"","_kad_blocks_head_custom_js":"","_kad_blocks_body_custom_js":"","_kad_blocks_footer_custom_js":""},"product_brand":[],"product_cat":[176,175,182,174,329],"product_tag":[177],"class_list":{"0":"post-94196","1":"product","2":"type-product","3":"status-publish","4":"has-post-thumbnail","6":"product_cat-ballettstangen-fur-zu-hause","7":"product_cat-einer-holzstange","8":"product_cat-hoehenverstellbaren-ballettstangen","9":"product_cat-mobile-ballettstangen","10":"product_cat-zubehoer","11":"product_tag-movil-de","12":"post","13":"with-featured-image","15":"first","16":"instock","17":"taxable","18":"shipping-taxable","19":"purchasable","20":"product-type-simple"},"yoast_head":"<!-- This site is optimized with the Yoast SEO plugin v27.0 - https:\/\/yoast.com\/product\/yoast-seo-wordpress\/ -->\n<title>Pack H\u00f6henverstellbare Ballettstange Juliette und Matte Ondine<\/title>\n<meta name=\"description\" content=\"Die Juliette l\u00e4sst sich spielend leicht auf zw\u00f6lf verschiedene H\u00f6hen anpassen. Die Tanzmatte Ondine bietet gelenkschonende Federung und bietet Stabilit\u00e4t\" \/>\n<meta name=\"robots\" content=\"index, follow, max-snippet:-1, max-image-preview:large, max-video-preview:-1\" \/>\n<link rel=\"canonical\" href=\"https:\/\/www.dinamicaballet.com\/de\/producto\/ballettstange-mit-hohenregulierung-fur-zu-hause-juliette-copia\/\" \/>\n<meta property=\"og:locale\" content=\"de_DE\" \/>\n<meta property=\"og:type\" content=\"article\" \/>\n<meta property=\"og:title\" content=\"Pack H\u00f6henverstellbare Ballettstange Juliette und Matte Ondine\" \/>\n<meta property=\"og:description\" content=\"Die Juliette l\u00e4sst sich spielend leicht auf zw\u00f6lf verschiedene H\u00f6hen anpassen. Die Tanzmatte Ondine bietet gelenkschonende Federung und bietet Stabilit\u00e4t\" \/>\n<meta property=\"og:url\" content=\"https:\/\/www.dinamicaballet.com\/de\/producto\/ballettstange-mit-hohenregulierung-fur-zu-hause-juliette-copia\/\" \/>\n<meta property=\"og:site_name\" content=\"Dinamica Ballet\" \/>\n<meta property=\"article:publisher\" content=\"https:\/\/www.facebook.com\/dinamicaballet\" \/>\n<meta property=\"article:modified_time\" content=\"2025-03-12T14:37:04+00:00\" \/>\n<meta property=\"og:image\" content=\"https:\/\/www.dinamicaballet.com\/wp-content\/uploads\/2024\/01\/1.png\" \/>\n\t<meta property=\"og:image:width\" content=\"600\" \/>\n\t<meta property=\"og:image:height\" content=\"800\" \/>\n\t<meta property=\"og:image:type\" content=\"image\/png\" \/>\n<meta name=\"twitter:card\" content=\"summary_large_image\" \/>\n<meta name=\"twitter:label1\" content=\"Gesch\u00e4tzte Lesezeit\" \/>\n\t<meta name=\"twitter:data1\" content=\"2\u00a0Minuten\" \/>\n<script type=\"application\/ld+json\" class=\"yoast-schema-graph\">{\"@context\":\"https:\/\/schema.org\",\"@graph\":[{\"@type\":\"WebPage\",\"@id\":\"https:\/\/www.dinamicaballet.com\/de\/producto\/ballettstange-mit-hohenregulierung-fur-zu-hause-juliette-copia\/\",\"url\":\"https:\/\/www.dinamicaballet.com\/de\/producto\/ballettstange-mit-hohenregulierung-fur-zu-hause-juliette-copia\/\",\"name\":\"Pack H\u00f6henverstellbare Ballettstange Juliette und Matte Ondine\",\"isPartOf\":{\"@id\":\"https:\/\/www.dinamicaballet.com\/de\/#website\"},\"primaryImageOfPage\":{\"@id\":\"https:\/\/www.dinamicaballet.com\/de\/producto\/ballettstange-mit-hohenregulierung-fur-zu-hause-juliette-copia\/#primaryimage\"},\"image\":{\"@id\":\"https:\/\/www.dinamicaballet.com\/de\/producto\/ballettstange-mit-hohenregulierung-fur-zu-hause-juliette-copia\/#primaryimage\"},\"thumbnailUrl\":\"https:\/\/www.dinamicaballet.com\/wp-content\/uploads\/2024\/01\/1.png\",\"datePublished\":\"2024-01-15T12:29:06+00:00\",\"dateModified\":\"2025-03-12T14:37:04+00:00\",\"description\":\"Die Juliette l\u00e4sst sich spielend leicht auf zw\u00f6lf verschiedene H\u00f6hen anpassen. Die Tanzmatte Ondine bietet gelenkschonende Federung und bietet Stabilit\u00e4t\",\"inLanguage\":\"de\",\"potentialAction\":[{\"@type\":\"ReadAction\",\"target\":[\"https:\/\/www.dinamicaballet.com\/de\/producto\/ballettstange-mit-hohenregulierung-fur-zu-hause-juliette-copia\/\"]}]},{\"@type\":\"ImageObject\",\"inLanguage\":\"de\",\"@id\":\"https:\/\/www.dinamicaballet.com\/de\/producto\/ballettstange-mit-hohenregulierung-fur-zu-hause-juliette-copia\/#primaryimage\",\"url\":\"https:\/\/www.dinamicaballet.com\/wp-content\/uploads\/2024\/01\/1.png\",\"contentUrl\":\"https:\/\/www.dinamicaballet.com\/wp-content\/uploads\/2024\/01\/1.png\",\"width\":600,\"height\":800},{\"@type\":\"WebSite\",\"@id\":\"https:\/\/www.dinamicaballet.com\/de\/#website\",\"url\":\"https:\/\/www.dinamicaballet.com\/de\/\",\"name\":\"Dinamica Ballet\",\"description\":\"Especialistas en barras de ballet y espejos para la danza\",\"publisher\":{\"@id\":\"https:\/\/www.dinamicaballet.com\/de\/#organization\"},\"potentialAction\":[{\"@type\":\"SearchAction\",\"target\":{\"@type\":\"EntryPoint\",\"urlTemplate\":\"https:\/\/www.dinamicaballet.com\/de\/?s={search_term_string}\"},\"query-input\":{\"@type\":\"PropertyValueSpecification\",\"valueRequired\":true,\"valueName\":\"search_term_string\"}}],\"inLanguage\":\"de\"},{\"@type\":\"Organization\",\"@id\":\"https:\/\/www.dinamicaballet.com\/de\/#organization\",\"name\":\"Dinamica Ballet\",\"url\":\"https:\/\/www.dinamicaballet.com\/de\/\",\"logo\":{\"@type\":\"ImageObject\",\"inLanguage\":\"de\",\"@id\":\"https:\/\/www.dinamicaballet.com\/de\/#\/schema\/logo\/image\/\",\"url\":\"https:\/\/www.dinamicaballet.com\/wp-content\/uploads\/2022\/03\/logo_dinamica_ballet.svg\",\"contentUrl\":\"https:\/\/www.dinamicaballet.com\/wp-content\/uploads\/2022\/03\/logo_dinamica_ballet.svg\",\"width\":284,\"height\":51,\"caption\":\"Dinamica Ballet\"},\"image\":{\"@id\":\"https:\/\/www.dinamicaballet.com\/de\/#\/schema\/logo\/image\/\"},\"sameAs\":[\"https:\/\/www.facebook.com\/dinamicaballet\",\"https:\/\/www.instagram.com\/dinamicaballet\/\",\"http:\/\/www.linkedin.com\/company\/dinamica-ballet\",\"https:\/\/www.pinterest.com\/DinamicaBallet\/\"]}]}<\/script>\n<!-- \/ Yoast SEO plugin. -->","yoast_head_json":{"title":"Pack H\u00f6henverstellbare Ballettstange Juliette und Matte Ondine","description":"Die Juliette l\u00e4sst sich spielend leicht auf zw\u00f6lf verschiedene H\u00f6hen anpassen. Die Tanzmatte Ondine bietet gelenkschonende Federung und bietet Stabilit\u00e4t","robots":{"index":"index","follow":"follow","max-snippet":"max-snippet:-1","max-image-preview":"max-image-preview:large","max-video-preview":"max-video-preview:-1"},"canonical":"https:\/\/www.dinamicaballet.com\/de\/producto\/ballettstange-mit-hohenregulierung-fur-zu-hause-juliette-copia\/","og_locale":"de_DE","og_type":"article","og_title":"Pack H\u00f6henverstellbare Ballettstange Juliette und Matte Ondine","og_description":"Die Juliette l\u00e4sst sich spielend leicht auf zw\u00f6lf verschiedene H\u00f6hen anpassen. Die Tanzmatte Ondine bietet gelenkschonende Federung und bietet Stabilit\u00e4t","og_url":"https:\/\/www.dinamicaballet.com\/de\/producto\/ballettstange-mit-hohenregulierung-fur-zu-hause-juliette-copia\/","og_site_name":"Dinamica Ballet","article_publisher":"https:\/\/www.facebook.com\/dinamicaballet","article_modified_time":"2025-03-12T14:37:04+00:00","og_image":[{"width":600,"height":800,"url":"https:\/\/www.dinamicaballet.com\/wp-content\/uploads\/2024\/01\/1.png","type":"image\/png"}],"twitter_card":"summary_large_image","twitter_misc":{"Gesch\u00e4tzte Lesezeit":"2\u00a0Minuten"},"schema":{"@context":"https:\/\/schema.org","@graph":[{"@type":"WebPage","@id":"https:\/\/www.dinamicaballet.com\/de\/producto\/ballettstange-mit-hohenregulierung-fur-zu-hause-juliette-copia\/","url":"https:\/\/www.dinamicaballet.com\/de\/producto\/ballettstange-mit-hohenregulierung-fur-zu-hause-juliette-copia\/","name":"Pack H\u00f6henverstellbare Ballettstange Juliette und Matte Ondine","isPartOf":{"@id":"https:\/\/www.dinamicaballet.com\/de\/#website"},"primaryImageOfPage":{"@id":"https:\/\/www.dinamicaballet.com\/de\/producto\/ballettstange-mit-hohenregulierung-fur-zu-hause-juliette-copia\/#primaryimage"},"image":{"@id":"https:\/\/www.dinamicaballet.com\/de\/producto\/ballettstange-mit-hohenregulierung-fur-zu-hause-juliette-copia\/#primaryimage"},"thumbnailUrl":"https:\/\/www.dinamicaballet.com\/wp-content\/uploads\/2024\/01\/1.png","datePublished":"2024-01-15T12:29:06+00:00","dateModified":"2025-03-12T14:37:04+00:00","description":"Die Juliette l\u00e4sst sich spielend leicht auf zw\u00f6lf verschiedene H\u00f6hen anpassen. Die Tanzmatte Ondine bietet gelenkschonende Federung und bietet Stabilit\u00e4t","inLanguage":"de","potentialAction":[{"@type":"ReadAction","target":["https:\/\/www.dinamicaballet.com\/de\/producto\/ballettstange-mit-hohenregulierung-fur-zu-hause-juliette-copia\/"]}]},{"@type":"ImageObject","inLanguage":"de","@id":"https:\/\/www.dinamicaballet.com\/de\/producto\/ballettstange-mit-hohenregulierung-fur-zu-hause-juliette-copia\/#primaryimage","url":"https:\/\/www.dinamicaballet.com\/wp-content\/uploads\/2024\/01\/1.png","contentUrl":"https:\/\/www.dinamicaballet.com\/wp-content\/uploads\/2024\/01\/1.png","width":600,"height":800},{"@type":"WebSite","@id":"https:\/\/www.dinamicaballet.com\/de\/#website","url":"https:\/\/www.dinamicaballet.com\/de\/","name":"Dinamica Ballet","description":"Especialistas en barras de ballet y espejos para la danza","publisher":{"@id":"https:\/\/www.dinamicaballet.com\/de\/#organization"},"potentialAction":[{"@type":"SearchAction","target":{"@type":"EntryPoint","urlTemplate":"https:\/\/www.dinamicaballet.com\/de\/?s={search_term_string}"},"query-input":{"@type":"PropertyValueSpecification","valueRequired":true,"valueName":"search_term_string"}}],"inLanguage":"de"},{"@type":"Organization","@id":"https:\/\/www.dinamicaballet.com\/de\/#organization","name":"Dinamica Ballet","url":"https:\/\/www.dinamicaballet.com\/de\/","logo":{"@type":"ImageObject","inLanguage":"de","@id":"https:\/\/www.dinamicaballet.com\/de\/#\/schema\/logo\/image\/","url":"https:\/\/www.dinamicaballet.com\/wp-content\/uploads\/2022\/03\/logo_dinamica_ballet.svg","contentUrl":"https:\/\/www.dinamicaballet.com\/wp-content\/uploads\/2022\/03\/logo_dinamica_ballet.svg","width":284,"height":51,"caption":"Dinamica Ballet"},"image":{"@id":"https:\/\/www.dinamicaballet.com\/de\/#\/schema\/logo\/image\/"},"sameAs":["https:\/\/www.facebook.com\/dinamicaballet","https:\/\/www.instagram.com\/dinamicaballet\/","http:\/\/www.linkedin.com\/company\/dinamica-ballet","https:\/\/www.pinterest.com\/DinamicaBallet\/"]}]}},"taxonomy_info":{"product_cat":[{"value":176,"label":"Ballettstangen f\u00fcr zu Hause"},{"value":175,"label":"Einer Holzstange"},{"value":182,"label":"H\u00f6henverstellbaren Ballettstangen"},{"value":174,"label":"Mobile Ballettstangen"},{"value":329,"label":"Zubeh\u00f6r"}],"product_tag":[{"value":177,"label":"movil"}]},"featured_image_src_large":["https:\/\/www.dinamicaballet.com\/wp-content\/uploads\/2024\/01\/1.png",600,800,false],"author_info":[],"comment_info":"","_links":{"self":[{"href":"https:\/\/www.dinamicaballet.com\/de\/wp-json\/wp\/v2\/product\/94196","targetHints":{"allow":["GET"]}}],"collection":[{"href":"https:\/\/www.dinamicaballet.com\/de\/wp-json\/wp\/v2\/product"}],"about":[{"href":"https:\/\/www.dinamicaballet.com\/de\/wp-json\/wp\/v2\/types\/product"}],"wp:featuredmedia":[{"embeddable":true,"href":"https:\/\/www.dinamicaballet.com\/de\/wp-json\/wp\/v2\/media\/94220"}],"wp:attachment":[{"href":"https:\/\/www.dinamicaballet.com\/de\/wp-json\/wp\/v2\/media?parent=94196"}],"wp:term":[{"taxonomy":"product_brand","embeddable":true,"href":"https:\/\/www.dinamicaballet.com\/de\/wp-json\/wp\/v2\/product_brand?post=94196"},{"taxonomy":"product_cat","embeddable":true,"href":"https:\/\/www.dinamicaballet.com\/de\/wp-json\/wp\/v2\/product_cat?post=94196"},{"taxonomy":"product_tag","embeddable":true,"href":"https:\/\/www.dinamicaballet.com\/de\/wp-json\/wp\/v2\/product_tag?post=94196"}],"curies":[{"name":"wp","href":"https:\/\/api.w.org\/{rel}","templated":true}]}}