{"id":7221,"date":"2020-12-03T16:24:54","date_gmt":"2020-12-03T16:24:54","guid":{"rendered":"https:\/\/www.dinamicaballet.com\/producto\/barra-de-ballet-mobil-doble-premium-maurice\/"},"modified":"2024-09-25T13:00:17","modified_gmt":"2024-09-25T12:00:17","slug":"barra-de-ballet-mobil-doble-premium-maurice","status":"publish","type":"product","link":"https:\/\/www.dinamicaballet.com\/ca\/producto\/barra-de-ballet-mobil-doble-premium-maurice\/","title":{"rendered":"Barra de ballet m\u00f2bil doble pr\u00e8mium Maurice"},"content":{"rendered":"<h3>Estabilitat total per a alts nivells d\u2019exig\u00e8ncia<\/h3>\n<p>La Maurice ofereix una estabilitat impressionant que permet executar exercicis intensos simult\u00e0niament a m\u00e9s d\u2019una ballarina. Les bases, de 30 quilograms de pes cadascuna, estan constru\u00efdes amb ferro colat i porten 4 rodes de goma d\u2019alta densitat que permeten a una sola persona despla\u00e7ar el conjunt amb comoditat. Una vegada en posici\u00f3, la base est\u00e0 dissenyada perqu\u00e8 les rodes no toquin el terra, generant aix\u00ed una fermesa inigualable en una barra de ballet port\u00e0til.<\/p>\n<h3>Dues altures per a ballarines de diferents al\u00e7ades<\/h3>\n<p>Amb les dues barres de fusta situades a 83 i 105 cent\u00edmetres del terra, ballarines de diferents edats i al\u00e7ades podran treballar en les seves <em>battements d\u00e9gag\u00e9s<\/em> amb confort. Els suports exclusius de Dinamica Ballet subjectenla barra de fusta sense malmetre-la i distribueixen la pressi\u00f3 que exerceix el cos des de qualsevol angle. La combinaci\u00f3 de les bases de ferro colat amb els suports dobles aporten una estabilitat absoluta per poder concentrar-te totalment en la teva t\u00e8cnica. Aquesta barra de ballet est\u00e0 disponible amb barres de fusta de 2 i 3 metres.<\/p>\n<h3>Ferro colat, acer i fusta de pi, els materials de la barra de ballet eterna<\/h3>\n<p>La Maurice, batejada en honor del core\u00f2graf franc\u00e8s Maurice B\u00e9jart, va ser el primer model que vam crear. La primera Maurice encara es troba a l\u2019Institut del Teatre de Barcelona i continua sent una eina de treball perfecta en les classes de dansa. Les columnes d\u2019acer d\u2019alta qualitat tenen un acabat en epoxi platejat que les protegeix de cops i ratllades. Les barres de fusta de pi melis de boscos sostenibles s\u00f3n resistents i aporten una lleugera flexibilitat, ideal per a exercicis avan\u00e7ats. La fusta perfectament polida i sense envernissar aporta un tacte agradable, c\u00e0lid i ferm, perfecte per a la pr\u00e0ctica. Entreguem la columna i la base ja muntades, aix\u00ed que quan rebis la Maurice la podr\u00e0s posar a treballar.<\/p>\n<a href=\"https:\/\/www.dinamicaballet.com\/wp-content\/uploads\/2021\/05\/FT-MAURICE-0521-2.pdf\" class=\"su-button su-button-style-default\" style=\"color:#006B7C;background-color:#FFF2D5;border-color:#ccc2ab;border-radius:5px\" target=\"_blank\" rel=\"noopener noreferrer\"><span style=\"color:#006B7C;padding:0px 16px;font-size:13px;line-height:26px;border-color:#fff6e2;border-radius:5px;text-shadow:none\"> Descaregar la fitxa t\u00e8cnica<\/span><\/a> <a href=\"https:\/\/www.dinamicaballet.com\/wp-content\/uploads\/2021\/07\/Instruccions-Maurice.pdf\" class=\"su-button su-button-style-default\" style=\"color:#006B7C;background-color:#FFF2D5;border-color:#ccc2ab;border-radius:5px\" target=\"_blank\" rel=\"noopener noreferrer\"><span style=\"color:#006B7C;padding:0px 16px;font-size:13px;line-height:26px;border-color:#fff6e2;border-radius:5px;text-shadow:none\"> Descarregar instruccions<\/span><\/a>\n<p>&nbsp;<\/p>\n<div class=\"su-youtube su-u-responsive-media-yes\"><iframe loading=\"lazy\" width=\"600\" height=\"400\" src=\"https:\/\/www.youtube.com\/embed\/EoI79LwpzZY?autohide=2&amp;autoplay=0&amp;mute=1&amp;controls=1&amp;fs=1&amp;loop=0&amp;modestbranding=0&amp;rel=1&amp;showinfo=1&amp;theme=dark&amp;wmode=&amp;playsinline=0\" frameborder=\"0\" allowfullscreen allow=\"autoplay; encrypted-media; picture-in-picture\" title=\"Barra de ballet m\u00f2bil doble pr\u00e8mium Maurice Dinamica Ballet\"><\/iframe><\/div>\n","protected":false},"excerpt":{"rendered":"<p>La Maurice \u00e9s una barra doble de ballet m\u00f2bil pr\u00e8mium amb dues barres de fusta i bases de ferro colat que aporten una estabilitat total. Amb un pes total de 74 quilograms, aquest \u00e9s un conjunt dissenyat per a especialistes de la dansa que necessiten la m\u00e0xima exig\u00e8ncia en un conjunt m\u00f2bil.<\/p>\n<p><strong>ENVIAMENT I IMPOSTOS INCLOSOS<\/strong><\/p>\n","protected":false},"featured_media":7223,"template":"","meta":{"_editorskit_title_hidden":false,"_editorskit_reading_time":0,"_editorskit_is_block_options_detached":false,"_editorskit_block_options_position":"{}","inline_featured_image":false,"_kad_blocks_custom_css":"","_kad_blocks_head_custom_js":"","_kad_blocks_body_custom_js":"","_kad_blocks_footer_custom_js":""},"product_brand":[],"product_cat":[100,104,107],"product_tag":[123],"class_list":{"0":"post-7221","1":"product","2":"type-product","3":"status-publish","4":"has-post-thumbnail","6":"product_cat-barres-mobils","7":"product_cat-dues-barres","8":"product_cat-premium-ca","9":"product_tag-mobil","10":"post","11":"with-featured-image","13":"first","14":"instock","15":"taxable","16":"shipping-taxable","17":"purchasable","18":"product-type-variable"},"yoast_head":"<!-- This site is optimized with the Yoast SEO plugin v27.0 - https:\/\/yoast.com\/product\/yoast-seo-wordpress\/ -->\n<title>Barra de ballet m\u00f2bil doble pr\u00e8mium Maurice | Botiga online<\/title>\n<meta name=\"description\" content=\"La Maurice \u00e9s una barra doble de ballet m\u00f2bil amb dues barres de fusta i bases de ferro colat que aporten una estabilitat total.\" \/>\n<meta name=\"robots\" content=\"index, follow, max-snippet:-1, max-image-preview:large, max-video-preview:-1\" \/>\n<link rel=\"canonical\" href=\"https:\/\/www.dinamicaballet.com\/ca\/producto\/barra-de-ballet-mobil-doble-premium-maurice\/\" \/>\n<meta property=\"og:locale\" content=\"ca_ES\" \/>\n<meta property=\"og:type\" content=\"article\" \/>\n<meta property=\"og:title\" content=\"Barra de ballet m\u00f2bil doble pr\u00e8mium Maurice | Botiga online\" \/>\n<meta property=\"og:description\" content=\"La Maurice \u00e9s una barra doble de ballet m\u00f2bil amb dues barres de fusta i bases de ferro colat que aporten una estabilitat total.\" \/>\n<meta property=\"og:url\" content=\"https:\/\/www.dinamicaballet.com\/ca\/producto\/barra-de-ballet-mobil-doble-premium-maurice\/\" \/>\n<meta property=\"og:site_name\" content=\"Dinamica Ballet\" \/>\n<meta property=\"article:publisher\" content=\"https:\/\/www.facebook.com\/dinamicaballet\" \/>\n<meta property=\"article:modified_time\" content=\"2024-09-25T12:00:17+00:00\" \/>\n<meta property=\"og:image\" content=\"https:\/\/www.dinamicaballet.com\/wp-content\/uploads\/2020\/12\/dinamica_ballet_shop_maurice_02.jpg\" \/>\n\t<meta property=\"og:image:width\" content=\"600\" \/>\n\t<meta property=\"og:image:height\" content=\"800\" \/>\n\t<meta property=\"og:image:type\" content=\"image\/jpeg\" \/>\n<meta name=\"twitter:card\" content=\"summary_large_image\" \/>\n<meta name=\"twitter:label1\" content=\"Temps estimat de lectura\" \/>\n\t<meta name=\"twitter:data1\" content=\"2 minuts\" \/>\n<script type=\"application\/ld+json\" class=\"yoast-schema-graph\">{\"@context\":\"https:\/\/schema.org\",\"@graph\":[{\"@type\":\"WebPage\",\"@id\":\"https:\/\/www.dinamicaballet.com\/ca\/producto\/barra-de-ballet-mobil-doble-premium-maurice\/\",\"url\":\"https:\/\/www.dinamicaballet.com\/ca\/producto\/barra-de-ballet-mobil-doble-premium-maurice\/\",\"name\":\"Barra de ballet m\u00f2bil doble pr\u00e8mium Maurice | Botiga online\",\"isPartOf\":{\"@id\":\"https:\/\/www.dinamicaballet.com\/ca\/#website\"},\"primaryImageOfPage\":{\"@id\":\"https:\/\/www.dinamicaballet.com\/ca\/producto\/barra-de-ballet-mobil-doble-premium-maurice\/#primaryimage\"},\"image\":{\"@id\":\"https:\/\/www.dinamicaballet.com\/ca\/producto\/barra-de-ballet-mobil-doble-premium-maurice\/#primaryimage\"},\"thumbnailUrl\":\"https:\/\/www.dinamicaballet.com\/wp-content\/uploads\/2020\/12\/dinamica_ballet_shop_maurice_02.jpg\",\"datePublished\":\"2020-12-03T16:24:54+00:00\",\"dateModified\":\"2024-09-25T12:00:17+00:00\",\"description\":\"La Maurice \u00e9s una barra doble de ballet m\u00f2bil amb dues barres de fusta i bases de ferro colat que aporten una estabilitat total.\",\"inLanguage\":\"ca\",\"potentialAction\":[{\"@type\":\"ReadAction\",\"target\":[\"https:\/\/www.dinamicaballet.com\/ca\/producto\/barra-de-ballet-mobil-doble-premium-maurice\/\"]}]},{\"@type\":\"ImageObject\",\"inLanguage\":\"ca\",\"@id\":\"https:\/\/www.dinamicaballet.com\/ca\/producto\/barra-de-ballet-mobil-doble-premium-maurice\/#primaryimage\",\"url\":\"https:\/\/www.dinamicaballet.com\/wp-content\/uploads\/2020\/12\/dinamica_ballet_shop_maurice_02.jpg\",\"contentUrl\":\"https:\/\/www.dinamicaballet.com\/wp-content\/uploads\/2020\/12\/dinamica_ballet_shop_maurice_02.jpg\",\"width\":600,\"height\":800,\"caption\":\"Barra de ballet m\u00f2bil doble pr\u00e8mium Maurice\"},{\"@type\":\"WebSite\",\"@id\":\"https:\/\/www.dinamicaballet.com\/ca\/#website\",\"url\":\"https:\/\/www.dinamicaballet.com\/ca\/\",\"name\":\"Dinamica Ballet\",\"description\":\"Especialistas en barras de ballet y espejos para la danza\",\"publisher\":{\"@id\":\"https:\/\/www.dinamicaballet.com\/ca\/#organization\"},\"potentialAction\":[{\"@type\":\"SearchAction\",\"target\":{\"@type\":\"EntryPoint\",\"urlTemplate\":\"https:\/\/www.dinamicaballet.com\/ca\/?s={search_term_string}\"},\"query-input\":{\"@type\":\"PropertyValueSpecification\",\"valueRequired\":true,\"valueName\":\"search_term_string\"}}],\"inLanguage\":\"ca\"},{\"@type\":\"Organization\",\"@id\":\"https:\/\/www.dinamicaballet.com\/ca\/#organization\",\"name\":\"Dinamica Ballet\",\"url\":\"https:\/\/www.dinamicaballet.com\/ca\/\",\"logo\":{\"@type\":\"ImageObject\",\"inLanguage\":\"ca\",\"@id\":\"https:\/\/www.dinamicaballet.com\/ca\/#\/schema\/logo\/image\/\",\"url\":\"https:\/\/www.dinamicaballet.com\/wp-content\/uploads\/2022\/03\/logo_dinamica_ballet.svg\",\"contentUrl\":\"https:\/\/www.dinamicaballet.com\/wp-content\/uploads\/2022\/03\/logo_dinamica_ballet.svg\",\"width\":284,\"height\":51,\"caption\":\"Dinamica Ballet\"},\"image\":{\"@id\":\"https:\/\/www.dinamicaballet.com\/ca\/#\/schema\/logo\/image\/\"},\"sameAs\":[\"https:\/\/www.facebook.com\/dinamicaballet\",\"https:\/\/www.instagram.com\/dinamicaballet\/\",\"http:\/\/www.linkedin.com\/company\/dinamica-ballet\",\"https:\/\/www.pinterest.com\/DinamicaBallet\/\"]}]}<\/script>\n<!-- \/ Yoast SEO plugin. -->","yoast_head_json":{"title":"Barra de ballet m\u00f2bil doble pr\u00e8mium Maurice | Botiga online","description":"La Maurice \u00e9s una barra doble de ballet m\u00f2bil amb dues barres de fusta i bases de ferro colat que aporten una estabilitat total.","robots":{"index":"index","follow":"follow","max-snippet":"max-snippet:-1","max-image-preview":"max-image-preview:large","max-video-preview":"max-video-preview:-1"},"canonical":"https:\/\/www.dinamicaballet.com\/ca\/producto\/barra-de-ballet-mobil-doble-premium-maurice\/","og_locale":"ca_ES","og_type":"article","og_title":"Barra de ballet m\u00f2bil doble pr\u00e8mium Maurice | Botiga online","og_description":"La Maurice \u00e9s una barra doble de ballet m\u00f2bil amb dues barres de fusta i bases de ferro colat que aporten una estabilitat total.","og_url":"https:\/\/www.dinamicaballet.com\/ca\/producto\/barra-de-ballet-mobil-doble-premium-maurice\/","og_site_name":"Dinamica Ballet","article_publisher":"https:\/\/www.facebook.com\/dinamicaballet","article_modified_time":"2024-09-25T12:00:17+00:00","og_image":[{"width":600,"height":800,"url":"https:\/\/www.dinamicaballet.com\/wp-content\/uploads\/2020\/12\/dinamica_ballet_shop_maurice_02.jpg","type":"image\/jpeg"}],"twitter_card":"summary_large_image","twitter_misc":{"Temps estimat de lectura":"2 minuts"},"schema":{"@context":"https:\/\/schema.org","@graph":[{"@type":"WebPage","@id":"https:\/\/www.dinamicaballet.com\/ca\/producto\/barra-de-ballet-mobil-doble-premium-maurice\/","url":"https:\/\/www.dinamicaballet.com\/ca\/producto\/barra-de-ballet-mobil-doble-premium-maurice\/","name":"Barra de ballet m\u00f2bil doble pr\u00e8mium Maurice | Botiga online","isPartOf":{"@id":"https:\/\/www.dinamicaballet.com\/ca\/#website"},"primaryImageOfPage":{"@id":"https:\/\/www.dinamicaballet.com\/ca\/producto\/barra-de-ballet-mobil-doble-premium-maurice\/#primaryimage"},"image":{"@id":"https:\/\/www.dinamicaballet.com\/ca\/producto\/barra-de-ballet-mobil-doble-premium-maurice\/#primaryimage"},"thumbnailUrl":"https:\/\/www.dinamicaballet.com\/wp-content\/uploads\/2020\/12\/dinamica_ballet_shop_maurice_02.jpg","datePublished":"2020-12-03T16:24:54+00:00","dateModified":"2024-09-25T12:00:17+00:00","description":"La Maurice \u00e9s una barra doble de ballet m\u00f2bil amb dues barres de fusta i bases de ferro colat que aporten una estabilitat total.","inLanguage":"ca","potentialAction":[{"@type":"ReadAction","target":["https:\/\/www.dinamicaballet.com\/ca\/producto\/barra-de-ballet-mobil-doble-premium-maurice\/"]}]},{"@type":"ImageObject","inLanguage":"ca","@id":"https:\/\/www.dinamicaballet.com\/ca\/producto\/barra-de-ballet-mobil-doble-premium-maurice\/#primaryimage","url":"https:\/\/www.dinamicaballet.com\/wp-content\/uploads\/2020\/12\/dinamica_ballet_shop_maurice_02.jpg","contentUrl":"https:\/\/www.dinamicaballet.com\/wp-content\/uploads\/2020\/12\/dinamica_ballet_shop_maurice_02.jpg","width":600,"height":800,"caption":"Barra de ballet m\u00f2bil doble pr\u00e8mium Maurice"},{"@type":"WebSite","@id":"https:\/\/www.dinamicaballet.com\/ca\/#website","url":"https:\/\/www.dinamicaballet.com\/ca\/","name":"Dinamica Ballet","description":"Especialistas en barras de ballet y espejos para la danza","publisher":{"@id":"https:\/\/www.dinamicaballet.com\/ca\/#organization"},"potentialAction":[{"@type":"SearchAction","target":{"@type":"EntryPoint","urlTemplate":"https:\/\/www.dinamicaballet.com\/ca\/?s={search_term_string}"},"query-input":{"@type":"PropertyValueSpecification","valueRequired":true,"valueName":"search_term_string"}}],"inLanguage":"ca"},{"@type":"Organization","@id":"https:\/\/www.dinamicaballet.com\/ca\/#organization","name":"Dinamica Ballet","url":"https:\/\/www.dinamicaballet.com\/ca\/","logo":{"@type":"ImageObject","inLanguage":"ca","@id":"https:\/\/www.dinamicaballet.com\/ca\/#\/schema\/logo\/image\/","url":"https:\/\/www.dinamicaballet.com\/wp-content\/uploads\/2022\/03\/logo_dinamica_ballet.svg","contentUrl":"https:\/\/www.dinamicaballet.com\/wp-content\/uploads\/2022\/03\/logo_dinamica_ballet.svg","width":284,"height":51,"caption":"Dinamica Ballet"},"image":{"@id":"https:\/\/www.dinamicaballet.com\/ca\/#\/schema\/logo\/image\/"},"sameAs":["https:\/\/www.facebook.com\/dinamicaballet","https:\/\/www.instagram.com\/dinamicaballet\/","http:\/\/www.linkedin.com\/company\/dinamica-ballet","https:\/\/www.pinterest.com\/DinamicaBallet\/"]}]}},"taxonomy_info":{"product_cat":[{"value":100,"label":"Barres m\u00f2bils"},{"value":104,"label":"Dues barres"},{"value":107,"label":"Premium"}],"product_tag":[{"value":123,"label":"m\u00f2bil"}]},"featured_image_src_large":["https:\/\/www.dinamicaballet.com\/wp-content\/uploads\/2020\/12\/dinamica_ballet_shop_maurice_02.jpg",600,800,false],"author_info":[],"comment_info":"","_links":{"self":[{"href":"https:\/\/www.dinamicaballet.com\/ca\/wp-json\/wp\/v2\/product\/7221","targetHints":{"allow":["GET"]}}],"collection":[{"href":"https:\/\/www.dinamicaballet.com\/ca\/wp-json\/wp\/v2\/product"}],"about":[{"href":"https:\/\/www.dinamicaballet.com\/ca\/wp-json\/wp\/v2\/types\/product"}],"wp:featuredmedia":[{"embeddable":true,"href":"https:\/\/www.dinamicaballet.com\/ca\/wp-json\/wp\/v2\/media\/7223"}],"wp:attachment":[{"href":"https:\/\/www.dinamicaballet.com\/ca\/wp-json\/wp\/v2\/media?parent=7221"}],"wp:term":[{"taxonomy":"product_brand","embeddable":true,"href":"https:\/\/www.dinamicaballet.com\/ca\/wp-json\/wp\/v2\/product_brand?post=7221"},{"taxonomy":"product_cat","embeddable":true,"href":"https:\/\/www.dinamicaballet.com\/ca\/wp-json\/wp\/v2\/product_cat?post=7221"},{"taxonomy":"product_tag","embeddable":true,"href":"https:\/\/www.dinamicaballet.com\/ca\/wp-json\/wp\/v2\/product_tag?post=7221"}],"curies":[{"name":"wp","href":"https:\/\/api.w.org\/{rel}","templated":true}]}}