{"id":7189,"date":"2020-12-03T16:24:54","date_gmt":"2020-12-03T16:24:54","guid":{"rendered":"https:\/\/www.dinamicaballet.com\/producto\/barra-de-ballet-fixa-a-paret-arabesque-doble-black\/"},"modified":"2024-09-25T11:02:56","modified_gmt":"2024-09-25T10:02:56","slug":"barra-de-ballet-fixa-a-paret-arabesque-doble-black","status":"publish","type":"product","link":"https:\/\/www.dinamicaballet.com\/ca\/producto\/barra-de-ballet-fixa-a-paret-arabesque-doble-black\/","title":{"rendered":"Barra de ballet de paret Arabesque Doble Black"},"content":{"rendered":"<h3>Espais infinits de doble barra<\/h3>\n<p>Els suports de l\u2019Arabesque Doble Black estan dissenyats per unir quatre barres, dues barres de fusta a l\u2019interior de cada cilindre. Aix\u00f2 permet muntar una doble barra de ballet cont\u00ednua sense cap buit mantenint l\u2019estabilitat total en tots els punts, independentment dels metres lineals de l\u2019estudi. Les barres de fusta s\u2019uneixen en la part central del suport amb petits caragols invisibles que no fan malb\u00e9 la fusta i en mantenen les propietats intactes.<\/p>\n<h3>Total resist\u00e8ncia a exercicis intensius<\/h3>\n<p>La base d\u2019acer d\u2019uni\u00f3 a la paret t\u00e9 la dimensi\u00f3 calculada per garantir l\u2019estabilitat total. La forma cil\u00edndrica que abra\u00e7a les barres de fusta dispersa la pressi\u00f3 que exerceixen les ballarines. L\u2019acer \u00e9s un aliatge de ferro amb un petit percentatge de carboni que aporta la resist\u00e8ncia a l\u2019impacte, l\u2019oscil\u00b7laci\u00f3 t\u00e8rmica i la corrosi\u00f3 ideals per a un suport ballet d\u2019\u00fas intensiu. No et preocupis si en les classes hi ha estudiants de diferents edats practicant moviments simult\u00e0niament en la barra superior i inferior, el suport de paret Arabesque Doble Black resisteix forces des de qualsevol angle i no es mour\u00e0 del seu lloc.<\/p>\n<h3>Combinacions magn\u00edfiques<\/h3>\n<p>Dissenyem els nostres suports de paret buscant l\u2019equilibri perfecte entre rendiment i est\u00e8tica. Sabem que les barres de ballet tenen un paper important l\u2019hora de definir l\u2019estil de l\u2019espai. L\u2019Arabesque doble Black est\u00e0 acabat amb una capa de pintura negra amb tractament antiratllades que combina perfectament amb el color de la fusta natural de pi melis. La fortalesa de l\u2019acer amb la flexibilitat, la subjecci\u00f3 \u00f2ptima i el tacte agradable de la fusta permeten concentrar-se plenament en els exercicis. Proporcionarem quatre caragols negres i quatre tacs Fischer per unir cada suport a la paret i les barres de fusta. T\u2019assegurem que podr\u00e0s practicar durant molt\u00edssims anys amb la barra de ballet de paret Arabesque Doble Black.<\/p>\n<a href=\"https:\/\/www.dinamicaballet.com\/wp-content\/uploads\/2021\/05\/FT-ARABESQUE-DOBLE-1223_compressed.pdf\" class=\"su-button su-button-style-default\" style=\"color:#006B7C;background-color:#FFF2D5;border-color:#ccc2ab;border-radius:5px\" target=\"_blank\" rel=\"noopener noreferrer\"><span style=\"color:#006B7C;padding:0px 16px;font-size:13px;line-height:26px;border-color:#fff6e2;border-radius:5px;text-shadow:none\"> Descaregar la fitxa t\u00e8cnica<\/span><\/a> <a href=\"https:\/\/www.dinamicaballet.com\/wp-content\/uploads\/2021\/05\/FT-ARABESQUE-DOBLE-1223_compressed.pdf\" class=\"su-button su-button-style-default\" style=\"color:#006B7C;background-color:#FFF2D5;border-color:#ccc2ab;border-radius:5px\" target=\"_blank\" rel=\"noopener noreferrer\"><span style=\"color:#006B7C;padding:0px 16px;font-size:13px;line-height:26px;border-color:#fff6e2;border-radius:5px;text-shadow:none\"> Descarregar instruccions<\/span><\/a>\n<p>&nbsp;<\/p>\n<div class=\"su-youtube su-u-responsive-media-yes\"><iframe loading=\"lazy\" width=\"600\" height=\"400\" src=\"https:\/\/www.youtube.com\/embed\/sUob8h-oBwU?autohide=2&amp;autoplay=0&amp;mute=1&amp;controls=1&amp;fs=1&amp;loop=0&amp;modestbranding=0&amp;rel=1&amp;showinfo=1&amp;theme=dark&amp;wmode=&amp;playsinline=0\" frameborder=\"0\" allowfullscreen allow=\"autoplay; encrypted-media; picture-in-picture\" title=\"Barra de ballet de paret Arabesque doble Dinamica Ballet\"><\/iframe><\/div>\n","protected":false},"excerpt":{"rendered":"<p>L\u2019Arabesque Doble Black \u00e9s una barra de ballet amb suports de paret d\u2019acer acabats en color negre per a dues barres de fusta de 40 mil\u00b7l\u00edmetres de di\u00e0metre. El seu disseny ofereix gran resist\u00e8ncia a la pressi\u00f3 en totes les direccions, cosa que permet la pr\u00e0ctica d\u2019exercicis d\u2019alta intensitat. El color negre dels suports combinat amb la fusta natural, crea conjunts de gran eleg\u00e0ncia que donaran a l\u2019espai un estil \u00fanic.<\/p>\n<p><strong>IVA I TRANSPORT INCLOSOS<\/strong><\/p>\n","protected":false},"featured_media":7146,"template":"","meta":{"_editorskit_title_hidden":false,"_editorskit_reading_time":0,"_editorskit_is_block_options_detached":false,"_editorskit_block_options_position":"{}","inline_featured_image":false,"_kad_blocks_custom_css":"","_kad_blocks_head_custom_js":"","_kad_blocks_body_custom_js":"","_kad_blocks_footer_custom_js":""},"product_brand":[],"product_cat":[99,104,105,106],"product_tag":[],"class_list":{"0":"post-7189","1":"product","2":"type-product","3":"status-publish","4":"has-post-thumbnail","6":"product_cat-barres-de-paret","7":"product_cat-dues-barres","8":"product_cat-iniciacio-casa","9":"product_cat-professional","10":"post","11":"with-featured-image","13":"first","14":"instock","15":"taxable","16":"shipping-taxable","17":"purchasable","18":"product-type-variable"},"yoast_head":"<!-- This site is optimized with the Yoast SEO plugin v27.0 - https:\/\/yoast.com\/product\/yoast-seo-wordpress\/ -->\n<title>Barra de ballet de paret Arabesque Doble Black | Botiga online<\/title>\n<meta name=\"description\" content=\"Aquest suport de paret per dues barres de fusta de color negre ofereix gran resist\u00e8ncia a la pressi\u00f3 en totes les direccions.\" \/>\n<meta name=\"robots\" content=\"index, follow, max-snippet:-1, max-image-preview:large, max-video-preview:-1\" \/>\n<link rel=\"canonical\" href=\"https:\/\/www.dinamicaballet.com\/ca\/producto\/barra-de-ballet-fixa-a-paret-arabesque-doble-black\/\" \/>\n<meta property=\"og:locale\" content=\"ca_ES\" \/>\n<meta property=\"og:type\" content=\"article\" \/>\n<meta property=\"og:title\" content=\"Barra de ballet de paret Arabesque Doble Black | Botiga online\" \/>\n<meta property=\"og:description\" content=\"Aquest suport de paret per dues barres de fusta de color negre ofereix gran resist\u00e8ncia a la pressi\u00f3 en totes les direccions.\" \/>\n<meta property=\"og:url\" content=\"https:\/\/www.dinamicaballet.com\/ca\/producto\/barra-de-ballet-fixa-a-paret-arabesque-doble-black\/\" \/>\n<meta property=\"og:site_name\" content=\"Dinamica Ballet\" \/>\n<meta property=\"article:publisher\" content=\"https:\/\/www.facebook.com\/dinamicaballet\" \/>\n<meta property=\"article:modified_time\" content=\"2024-09-25T10:02:56+00:00\" \/>\n<meta property=\"og:image\" content=\"https:\/\/www.dinamicaballet.com\/wp-content\/uploads\/2020\/12\/dinamica_ballet_shop_arabesqueblack_04.jpg\" \/>\n\t<meta property=\"og:image:width\" content=\"600\" \/>\n\t<meta property=\"og:image:height\" content=\"800\" \/>\n\t<meta property=\"og:image:type\" content=\"image\/jpeg\" \/>\n<meta name=\"twitter:card\" content=\"summary_large_image\" \/>\n<meta name=\"twitter:label1\" content=\"Temps estimat de lectura\" \/>\n\t<meta name=\"twitter:data1\" content=\"2 minuts\" \/>\n<script type=\"application\/ld+json\" class=\"yoast-schema-graph\">{\"@context\":\"https:\/\/schema.org\",\"@graph\":[{\"@type\":\"WebPage\",\"@id\":\"https:\/\/www.dinamicaballet.com\/ca\/producto\/barra-de-ballet-fixa-a-paret-arabesque-doble-black\/\",\"url\":\"https:\/\/www.dinamicaballet.com\/ca\/producto\/barra-de-ballet-fixa-a-paret-arabesque-doble-black\/\",\"name\":\"Barra de ballet de paret Arabesque Doble Black | Botiga online\",\"isPartOf\":{\"@id\":\"https:\/\/www.dinamicaballet.com\/ca\/#website\"},\"primaryImageOfPage\":{\"@id\":\"https:\/\/www.dinamicaballet.com\/ca\/producto\/barra-de-ballet-fixa-a-paret-arabesque-doble-black\/#primaryimage\"},\"image\":{\"@id\":\"https:\/\/www.dinamicaballet.com\/ca\/producto\/barra-de-ballet-fixa-a-paret-arabesque-doble-black\/#primaryimage\"},\"thumbnailUrl\":\"https:\/\/www.dinamicaballet.com\/wp-content\/uploads\/2020\/12\/dinamica_ballet_shop_arabesqueblack_04.jpg\",\"datePublished\":\"2020-12-03T16:24:54+00:00\",\"dateModified\":\"2024-09-25T10:02:56+00:00\",\"description\":\"Aquest suport de paret per dues barres de fusta de color negre ofereix gran resist\u00e8ncia a la pressi\u00f3 en totes les direccions.\",\"inLanguage\":\"ca\",\"potentialAction\":[{\"@type\":\"ReadAction\",\"target\":[\"https:\/\/www.dinamicaballet.com\/ca\/producto\/barra-de-ballet-fixa-a-paret-arabesque-doble-black\/\"]}]},{\"@type\":\"ImageObject\",\"inLanguage\":\"ca\",\"@id\":\"https:\/\/www.dinamicaballet.com\/ca\/producto\/barra-de-ballet-fixa-a-paret-arabesque-doble-black\/#primaryimage\",\"url\":\"https:\/\/www.dinamicaballet.com\/wp-content\/uploads\/2020\/12\/dinamica_ballet_shop_arabesqueblack_04.jpg\",\"contentUrl\":\"https:\/\/www.dinamicaballet.com\/wp-content\/uploads\/2020\/12\/dinamica_ballet_shop_arabesqueblack_04.jpg\",\"width\":600,\"height\":800},{\"@type\":\"WebSite\",\"@id\":\"https:\/\/www.dinamicaballet.com\/ca\/#website\",\"url\":\"https:\/\/www.dinamicaballet.com\/ca\/\",\"name\":\"Dinamica Ballet\",\"description\":\"Especialistas en barras de ballet y espejos para la danza\",\"publisher\":{\"@id\":\"https:\/\/www.dinamicaballet.com\/ca\/#organization\"},\"potentialAction\":[{\"@type\":\"SearchAction\",\"target\":{\"@type\":\"EntryPoint\",\"urlTemplate\":\"https:\/\/www.dinamicaballet.com\/ca\/?s={search_term_string}\"},\"query-input\":{\"@type\":\"PropertyValueSpecification\",\"valueRequired\":true,\"valueName\":\"search_term_string\"}}],\"inLanguage\":\"ca\"},{\"@type\":\"Organization\",\"@id\":\"https:\/\/www.dinamicaballet.com\/ca\/#organization\",\"name\":\"Dinamica Ballet\",\"url\":\"https:\/\/www.dinamicaballet.com\/ca\/\",\"logo\":{\"@type\":\"ImageObject\",\"inLanguage\":\"ca\",\"@id\":\"https:\/\/www.dinamicaballet.com\/ca\/#\/schema\/logo\/image\/\",\"url\":\"https:\/\/www.dinamicaballet.com\/wp-content\/uploads\/2022\/03\/logo_dinamica_ballet.svg\",\"contentUrl\":\"https:\/\/www.dinamicaballet.com\/wp-content\/uploads\/2022\/03\/logo_dinamica_ballet.svg\",\"width\":284,\"height\":51,\"caption\":\"Dinamica Ballet\"},\"image\":{\"@id\":\"https:\/\/www.dinamicaballet.com\/ca\/#\/schema\/logo\/image\/\"},\"sameAs\":[\"https:\/\/www.facebook.com\/dinamicaballet\",\"https:\/\/www.instagram.com\/dinamicaballet\/\",\"http:\/\/www.linkedin.com\/company\/dinamica-ballet\",\"https:\/\/www.pinterest.com\/DinamicaBallet\/\"]}]}<\/script>\n<!-- \/ Yoast SEO plugin. -->","yoast_head_json":{"title":"Barra de ballet de paret Arabesque Doble Black | Botiga online","description":"Aquest suport de paret per dues barres de fusta de color negre ofereix gran resist\u00e8ncia a la pressi\u00f3 en totes les direccions.","robots":{"index":"index","follow":"follow","max-snippet":"max-snippet:-1","max-image-preview":"max-image-preview:large","max-video-preview":"max-video-preview:-1"},"canonical":"https:\/\/www.dinamicaballet.com\/ca\/producto\/barra-de-ballet-fixa-a-paret-arabesque-doble-black\/","og_locale":"ca_ES","og_type":"article","og_title":"Barra de ballet de paret Arabesque Doble Black | Botiga online","og_description":"Aquest suport de paret per dues barres de fusta de color negre ofereix gran resist\u00e8ncia a la pressi\u00f3 en totes les direccions.","og_url":"https:\/\/www.dinamicaballet.com\/ca\/producto\/barra-de-ballet-fixa-a-paret-arabesque-doble-black\/","og_site_name":"Dinamica Ballet","article_publisher":"https:\/\/www.facebook.com\/dinamicaballet","article_modified_time":"2024-09-25T10:02:56+00:00","og_image":[{"width":600,"height":800,"url":"https:\/\/www.dinamicaballet.com\/wp-content\/uploads\/2020\/12\/dinamica_ballet_shop_arabesqueblack_04.jpg","type":"image\/jpeg"}],"twitter_card":"summary_large_image","twitter_misc":{"Temps estimat de lectura":"2 minuts"},"schema":{"@context":"https:\/\/schema.org","@graph":[{"@type":"WebPage","@id":"https:\/\/www.dinamicaballet.com\/ca\/producto\/barra-de-ballet-fixa-a-paret-arabesque-doble-black\/","url":"https:\/\/www.dinamicaballet.com\/ca\/producto\/barra-de-ballet-fixa-a-paret-arabesque-doble-black\/","name":"Barra de ballet de paret Arabesque Doble Black | Botiga online","isPartOf":{"@id":"https:\/\/www.dinamicaballet.com\/ca\/#website"},"primaryImageOfPage":{"@id":"https:\/\/www.dinamicaballet.com\/ca\/producto\/barra-de-ballet-fixa-a-paret-arabesque-doble-black\/#primaryimage"},"image":{"@id":"https:\/\/www.dinamicaballet.com\/ca\/producto\/barra-de-ballet-fixa-a-paret-arabesque-doble-black\/#primaryimage"},"thumbnailUrl":"https:\/\/www.dinamicaballet.com\/wp-content\/uploads\/2020\/12\/dinamica_ballet_shop_arabesqueblack_04.jpg","datePublished":"2020-12-03T16:24:54+00:00","dateModified":"2024-09-25T10:02:56+00:00","description":"Aquest suport de paret per dues barres de fusta de color negre ofereix gran resist\u00e8ncia a la pressi\u00f3 en totes les direccions.","inLanguage":"ca","potentialAction":[{"@type":"ReadAction","target":["https:\/\/www.dinamicaballet.com\/ca\/producto\/barra-de-ballet-fixa-a-paret-arabesque-doble-black\/"]}]},{"@type":"ImageObject","inLanguage":"ca","@id":"https:\/\/www.dinamicaballet.com\/ca\/producto\/barra-de-ballet-fixa-a-paret-arabesque-doble-black\/#primaryimage","url":"https:\/\/www.dinamicaballet.com\/wp-content\/uploads\/2020\/12\/dinamica_ballet_shop_arabesqueblack_04.jpg","contentUrl":"https:\/\/www.dinamicaballet.com\/wp-content\/uploads\/2020\/12\/dinamica_ballet_shop_arabesqueblack_04.jpg","width":600,"height":800},{"@type":"WebSite","@id":"https:\/\/www.dinamicaballet.com\/ca\/#website","url":"https:\/\/www.dinamicaballet.com\/ca\/","name":"Dinamica Ballet","description":"Especialistas en barras de ballet y espejos para la danza","publisher":{"@id":"https:\/\/www.dinamicaballet.com\/ca\/#organization"},"potentialAction":[{"@type":"SearchAction","target":{"@type":"EntryPoint","urlTemplate":"https:\/\/www.dinamicaballet.com\/ca\/?s={search_term_string}"},"query-input":{"@type":"PropertyValueSpecification","valueRequired":true,"valueName":"search_term_string"}}],"inLanguage":"ca"},{"@type":"Organization","@id":"https:\/\/www.dinamicaballet.com\/ca\/#organization","name":"Dinamica Ballet","url":"https:\/\/www.dinamicaballet.com\/ca\/","logo":{"@type":"ImageObject","inLanguage":"ca","@id":"https:\/\/www.dinamicaballet.com\/ca\/#\/schema\/logo\/image\/","url":"https:\/\/www.dinamicaballet.com\/wp-content\/uploads\/2022\/03\/logo_dinamica_ballet.svg","contentUrl":"https:\/\/www.dinamicaballet.com\/wp-content\/uploads\/2022\/03\/logo_dinamica_ballet.svg","width":284,"height":51,"caption":"Dinamica Ballet"},"image":{"@id":"https:\/\/www.dinamicaballet.com\/ca\/#\/schema\/logo\/image\/"},"sameAs":["https:\/\/www.facebook.com\/dinamicaballet","https:\/\/www.instagram.com\/dinamicaballet\/","http:\/\/www.linkedin.com\/company\/dinamica-ballet","https:\/\/www.pinterest.com\/DinamicaBallet\/"]}]}},"taxonomy_info":{"product_cat":[{"value":99,"label":"Barres de Paret"},{"value":104,"label":"Dues barres"},{"value":105,"label":"Iniciaci\u00f3\/casa"},{"value":106,"label":"Professional"}]},"featured_image_src_large":["https:\/\/www.dinamicaballet.com\/wp-content\/uploads\/2020\/12\/dinamica_ballet_shop_arabesqueblack_04.jpg",600,800,false],"author_info":[],"comment_info":"","_links":{"self":[{"href":"https:\/\/www.dinamicaballet.com\/ca\/wp-json\/wp\/v2\/product\/7189","targetHints":{"allow":["GET"]}}],"collection":[{"href":"https:\/\/www.dinamicaballet.com\/ca\/wp-json\/wp\/v2\/product"}],"about":[{"href":"https:\/\/www.dinamicaballet.com\/ca\/wp-json\/wp\/v2\/types\/product"}],"wp:featuredmedia":[{"embeddable":true,"href":"https:\/\/www.dinamicaballet.com\/ca\/wp-json\/wp\/v2\/media\/7146"}],"wp:attachment":[{"href":"https:\/\/www.dinamicaballet.com\/ca\/wp-json\/wp\/v2\/media?parent=7189"}],"wp:term":[{"taxonomy":"product_brand","embeddable":true,"href":"https:\/\/www.dinamicaballet.com\/ca\/wp-json\/wp\/v2\/product_brand?post=7189"},{"taxonomy":"product_cat","embeddable":true,"href":"https:\/\/www.dinamicaballet.com\/ca\/wp-json\/wp\/v2\/product_cat?post=7189"},{"taxonomy":"product_tag","embeddable":true,"href":"https:\/\/www.dinamicaballet.com\/ca\/wp-json\/wp\/v2\/product_tag?post=7189"}],"curies":[{"name":"wp","href":"https:\/\/api.w.org\/{rel}","templated":true}]}}