{"id":7179,"date":"2020-12-03T16:24:54","date_gmt":"2020-12-03T16:24:54","guid":{"rendered":"https:\/\/www.dinamicaballet.com\/producto\/mirall-professional-de-paret-figaro\/"},"modified":"2025-09-05T04:33:31","modified_gmt":"2025-09-05T03:33:31","slug":"mirall-professional-de-paret-figaro","status":"publish","type":"product","link":"https:\/\/www.dinamicaballet.com\/ca\/producto\/mirall-professional-de-paret-figaro\/","title":{"rendered":"Mirall professional de paret Figaro"},"content":{"rendered":"<h3>Una eina de treball indispensable<\/h3>\n<p>Per millorar la t\u00e8cnica en qualsevol disciplina art\u00edstica o esportiva, un mirall d\u2019alta precisi\u00f3 \u00e9s fonamental. El mirall per a professionals Figaro \u00e9s de la m\u00e9s alta qualitat. Diversos alumnes situats a diferents dist\u00e0ncies del mirall podran treballar amb precisi\u00f3 gr\u00e0cies al reflex en tota la superf\u00edcie sense deformacions. Els ancoratges a la paret d\u2019acer galvanitzat garanteixen una fixaci\u00f3 perfecta a la paret i una superf\u00edcie plana sense cap inclinaci\u00f3 . Els marcs d\u2019alumini protegeixen el mirall i permeten la uni\u00f3 entre diferents unitats amb seguretat i sense desviacions.<\/p>\n<h2><\/h2>\n<h3>M\u00e0xima seguretat per a la tranquil\u00b7litat de tothom<\/h3>\n<p>El gruix del mirall, la protecci\u00f3 dels marcs d\u2019alumini i el sistema de fixaci\u00f3 aporten al Figaro gran robustesa i un grau de protecci\u00f3 en cas de trencament molt elevat. Malgrat tot, si es produeix un fort impacte en el mirall es podria arribar a trencar; per aix\u00f2 apliquem una pel\u00b7l\u00edcula protectora de seguretat que evita que se\u2019n desprenguin fragments i puguin arribar a ferir alg\u00fa. Els suports instal\u00b7lats a la paret estan dissenyats per fixar-hi el mirall encaixant-lo en unes ranures que hi ha en el marc. El pes es reparteix en tota la superf\u00edcie i el suport total a la paret aporta l\u2019estabilitat perfecta. L\u2019acer galvanitzat del suport evita l\u2019oxidaci\u00f3.<\/p>\n<h2><\/h2>\n<h3>La flexibilitat d\u2019un mirall fix \u00fanic<\/h3>\n<p>Els dos petits ancoratges d\u2019acer galvanitzat anti\u00f2xid es fixen a la paret amb dos caragols. El marc d\u2019alumini, que recobreix tot el mirall, t\u00e9 dues ranures on s\u2019encaixa el Figaro.Aquest sistema aporta seguretat i flexibilitat, ja que si alguna vegada necessites instal\u00b7lar els miralls en una altra sala, els podr\u00e0s moure amb facilitat. Col\u00b7locat sobre el s\u00f2col, el mirall queda totalment pla damunt la paret i el pes repartit per tota la superf\u00edcie, cosa que permet una alineaci\u00f3 perfecta i total estabilitat en tota la instal\u00b7laci\u00f3, sigui quin sigui el nombre de miralls de la teva sala. Combina el Figaro amb les nostres barres de ballet fixes al terra per optimitzar l\u2019espai i crear l\u2019estudi de dansa perfecte.<\/p>\n<a href=\"https:\/\/www.dinamicaballet.com\/wp-content\/uploads\/2021\/07\/FT-FIGARO-0925-1.pdf\" class=\"su-button su-button-style-default\" style=\"color:#006B7C;background-color:#FFF2D5;border-color:#ccc2ab;border-radius:5px\" target=\"_blank\" rel=\"noopener noreferrer\"><span style=\"color:#006B7C;padding:0px 16px;font-size:13px;line-height:26px;border-color:#fff6e2;border-radius:5px;text-shadow:none\"> Descaregar la fitxa t\u00e8cnica<\/span><\/a> <a href=\"https:\/\/www.dinamicaballet.com\/wp-content\/uploads\/2021\/07\/Instruccions-Figaro-5_compressed.pdf\" class=\"su-button su-button-style-default\" style=\"color:#006B7C;background-color:#FFF2D5;border-color:#ccc2ab;border-radius:5px\" target=\"_blank\" rel=\"noopener noreferrer\"><span style=\"color:#006B7C;padding:0px 16px;font-size:13px;line-height:26px;border-color:#fff6e2;border-radius:5px;text-shadow:none\"> Descarregar instruccions<\/span><\/a>\n<p>&nbsp;<\/p>\n<div class=\"su-youtube su-u-responsive-media-yes\"><iframe loading=\"lazy\" width=\"600\" height=\"400\" src=\"https:\/\/www.youtube.com\/embed\/DfpTaPErv48?autohide=2&amp;autoplay=0&amp;mute=1&amp;controls=1&amp;fs=1&amp;loop=0&amp;modestbranding=0&amp;rel=1&amp;showinfo=1&amp;theme=dark&amp;wmode=&amp;playsinline=0\" frameborder=\"0\" allowfullscreen allow=\"autoplay; encrypted-media; picture-in-picture\" title=\"Mirall professional de paret Figaro Dinamica Ballet\"><\/iframe><\/div>\n<p>&nbsp;<\/p>\n","protected":false},"excerpt":{"rendered":"<p>El Figaro \u00e9s un mirall per a professionals de les arts esc\u00e8niques i l\u2019esport. Ofereix un reflex perfecte, sense cap deformaci\u00f3 a qualsevol dist\u00e0ncia, per poder treballar amb precisi\u00f3 la t\u00e8cnica del ballar\u00ed, m\u00fasic o atleta. S\u2019ha dissenyat per poder unir tantes unitats com es necessiti i aix\u00ed crear un espai continu amb gran sensaci\u00f3 d\u2019amplitud i eleg\u00e0ncia a la sala. El Figaro \u00e9s un mirall d\u2019alta seguretat gr\u00e0cies al seu sistema de fixaci\u00f3 a paret i la pel\u00b7l\u00edcula de seguretat que evita que es desprenguin fragments si pateix un cop fort.<\/p>\n<p><strong>IVA I TRANSPORT INCL\u00d2S\u00a0<\/strong><\/p>\n","protected":false},"featured_media":7188,"template":"","meta":{"_editorskit_title_hidden":false,"_editorskit_reading_time":0,"_editorskit_is_block_options_detached":false,"_editorskit_block_options_position":"{}","inline_featured_image":false,"_kad_blocks_custom_css":"","_kad_blocks_head_custom_js":"","_kad_blocks_body_custom_js":"","_kad_blocks_footer_custom_js":""},"product_brand":[],"product_cat":[102],"product_tag":[],"class_list":{"0":"post-7179","1":"product","2":"type-product","3":"status-publish","4":"has-post-thumbnail","6":"product_cat-miralls","7":"post","8":"with-featured-image","10":"first","11":"instock","12":"sold-individually","13":"taxable","14":"shipping-taxable","15":"purchasable","16":"product-type-variable"},"yoast_head":"<!-- This site is optimized with the Yoast SEO plugin v27.0 - https:\/\/yoast.com\/product\/yoast-seo-wordpress\/ -->\n<title>Mirall professional de paret Figaro | Botiga online | Dinamica Ballet<\/title>\n<meta name=\"description\" content=\"Mirall per a professionals de les arts esc\u00e8niques i l\u2019esport que ofereix un reflex perfecte, sense cap deformaci\u00f3 a qualsevol dist\u00e0ncia.\" \/>\n<meta name=\"robots\" content=\"index, follow, max-snippet:-1, max-image-preview:large, max-video-preview:-1\" \/>\n<link rel=\"canonical\" href=\"https:\/\/www.dinamicaballet.com\/ca\/producto\/mirall-professional-de-paret-figaro\/\" \/>\n<meta property=\"og:locale\" content=\"ca_ES\" \/>\n<meta property=\"og:type\" content=\"article\" \/>\n<meta property=\"og:title\" content=\"Mirall professional de paret Figaro | Botiga online | Dinamica Ballet\" \/>\n<meta property=\"og:description\" content=\"Mirall per a professionals de les arts esc\u00e8niques i l\u2019esport que ofereix un reflex perfecte, sense cap deformaci\u00f3 a qualsevol dist\u00e0ncia.\" \/>\n<meta property=\"og:url\" content=\"https:\/\/www.dinamicaballet.com\/ca\/producto\/mirall-professional-de-paret-figaro\/\" \/>\n<meta property=\"og:site_name\" content=\"Dinamica Ballet\" \/>\n<meta property=\"article:publisher\" content=\"https:\/\/www.facebook.com\/dinamicaballet\" \/>\n<meta property=\"article:modified_time\" content=\"2025-09-05T03:33:31+00:00\" \/>\n<meta property=\"og:image\" content=\"https:\/\/www.dinamicaballet.com\/wp-content\/uploads\/2020\/12\/dinamica_ballet_shop_figaro_01.jpg\" \/>\n\t<meta property=\"og:image:width\" content=\"600\" \/>\n\t<meta property=\"og:image:height\" content=\"800\" \/>\n\t<meta property=\"og:image:type\" content=\"image\/jpeg\" \/>\n<meta name=\"twitter:card\" content=\"summary_large_image\" \/>\n<meta name=\"twitter:label1\" content=\"Temps estimat de lectura\" \/>\n\t<meta name=\"twitter:data1\" content=\"2 minuts\" \/>\n<script type=\"application\/ld+json\" class=\"yoast-schema-graph\">{\"@context\":\"https:\/\/schema.org\",\"@graph\":[{\"@type\":\"WebPage\",\"@id\":\"https:\/\/www.dinamicaballet.com\/ca\/producto\/mirall-professional-de-paret-figaro\/\",\"url\":\"https:\/\/www.dinamicaballet.com\/ca\/producto\/mirall-professional-de-paret-figaro\/\",\"name\":\"Mirall professional de paret Figaro | Botiga online | Dinamica Ballet\",\"isPartOf\":{\"@id\":\"https:\/\/www.dinamicaballet.com\/ca\/#website\"},\"primaryImageOfPage\":{\"@id\":\"https:\/\/www.dinamicaballet.com\/ca\/producto\/mirall-professional-de-paret-figaro\/#primaryimage\"},\"image\":{\"@id\":\"https:\/\/www.dinamicaballet.com\/ca\/producto\/mirall-professional-de-paret-figaro\/#primaryimage\"},\"thumbnailUrl\":\"https:\/\/www.dinamicaballet.com\/wp-content\/uploads\/2020\/12\/dinamica_ballet_shop_figaro_01.jpg\",\"datePublished\":\"2020-12-03T16:24:54+00:00\",\"dateModified\":\"2025-09-05T03:33:31+00:00\",\"description\":\"Mirall per a professionals de les arts esc\u00e8niques i l\u2019esport que ofereix un reflex perfecte, sense cap deformaci\u00f3 a qualsevol dist\u00e0ncia.\",\"inLanguage\":\"ca\",\"potentialAction\":[{\"@type\":\"ReadAction\",\"target\":[\"https:\/\/www.dinamicaballet.com\/ca\/producto\/mirall-professional-de-paret-figaro\/\"]}]},{\"@type\":\"ImageObject\",\"inLanguage\":\"ca\",\"@id\":\"https:\/\/www.dinamicaballet.com\/ca\/producto\/mirall-professional-de-paret-figaro\/#primaryimage\",\"url\":\"https:\/\/www.dinamicaballet.com\/wp-content\/uploads\/2020\/12\/dinamica_ballet_shop_figaro_01.jpg\",\"contentUrl\":\"https:\/\/www.dinamicaballet.com\/wp-content\/uploads\/2020\/12\/dinamica_ballet_shop_figaro_01.jpg\",\"width\":600,\"height\":800,\"caption\":\"Mirall professional de paret Figaro\"},{\"@type\":\"WebSite\",\"@id\":\"https:\/\/www.dinamicaballet.com\/ca\/#website\",\"url\":\"https:\/\/www.dinamicaballet.com\/ca\/\",\"name\":\"Dinamica Ballet\",\"description\":\"Especialistas en barras de ballet y espejos para la danza\",\"publisher\":{\"@id\":\"https:\/\/www.dinamicaballet.com\/ca\/#organization\"},\"potentialAction\":[{\"@type\":\"SearchAction\",\"target\":{\"@type\":\"EntryPoint\",\"urlTemplate\":\"https:\/\/www.dinamicaballet.com\/ca\/?s={search_term_string}\"},\"query-input\":{\"@type\":\"PropertyValueSpecification\",\"valueRequired\":true,\"valueName\":\"search_term_string\"}}],\"inLanguage\":\"ca\"},{\"@type\":\"Organization\",\"@id\":\"https:\/\/www.dinamicaballet.com\/ca\/#organization\",\"name\":\"Dinamica Ballet\",\"url\":\"https:\/\/www.dinamicaballet.com\/ca\/\",\"logo\":{\"@type\":\"ImageObject\",\"inLanguage\":\"ca\",\"@id\":\"https:\/\/www.dinamicaballet.com\/ca\/#\/schema\/logo\/image\/\",\"url\":\"https:\/\/www.dinamicaballet.com\/wp-content\/uploads\/2022\/03\/logo_dinamica_ballet.svg\",\"contentUrl\":\"https:\/\/www.dinamicaballet.com\/wp-content\/uploads\/2022\/03\/logo_dinamica_ballet.svg\",\"width\":284,\"height\":51,\"caption\":\"Dinamica Ballet\"},\"image\":{\"@id\":\"https:\/\/www.dinamicaballet.com\/ca\/#\/schema\/logo\/image\/\"},\"sameAs\":[\"https:\/\/www.facebook.com\/dinamicaballet\",\"https:\/\/www.instagram.com\/dinamicaballet\/\",\"http:\/\/www.linkedin.com\/company\/dinamica-ballet\",\"https:\/\/www.pinterest.com\/DinamicaBallet\/\"]}]}<\/script>\n<!-- \/ Yoast SEO plugin. -->","yoast_head_json":{"title":"Mirall professional de paret Figaro | Botiga online | Dinamica Ballet","description":"Mirall per a professionals de les arts esc\u00e8niques i l\u2019esport que ofereix un reflex perfecte, sense cap deformaci\u00f3 a qualsevol dist\u00e0ncia.","robots":{"index":"index","follow":"follow","max-snippet":"max-snippet:-1","max-image-preview":"max-image-preview:large","max-video-preview":"max-video-preview:-1"},"canonical":"https:\/\/www.dinamicaballet.com\/ca\/producto\/mirall-professional-de-paret-figaro\/","og_locale":"ca_ES","og_type":"article","og_title":"Mirall professional de paret Figaro | Botiga online | Dinamica Ballet","og_description":"Mirall per a professionals de les arts esc\u00e8niques i l\u2019esport que ofereix un reflex perfecte, sense cap deformaci\u00f3 a qualsevol dist\u00e0ncia.","og_url":"https:\/\/www.dinamicaballet.com\/ca\/producto\/mirall-professional-de-paret-figaro\/","og_site_name":"Dinamica Ballet","article_publisher":"https:\/\/www.facebook.com\/dinamicaballet","article_modified_time":"2025-09-05T03:33:31+00:00","og_image":[{"width":600,"height":800,"url":"https:\/\/www.dinamicaballet.com\/wp-content\/uploads\/2020\/12\/dinamica_ballet_shop_figaro_01.jpg","type":"image\/jpeg"}],"twitter_card":"summary_large_image","twitter_misc":{"Temps estimat de lectura":"2 minuts"},"schema":{"@context":"https:\/\/schema.org","@graph":[{"@type":"WebPage","@id":"https:\/\/www.dinamicaballet.com\/ca\/producto\/mirall-professional-de-paret-figaro\/","url":"https:\/\/www.dinamicaballet.com\/ca\/producto\/mirall-professional-de-paret-figaro\/","name":"Mirall professional de paret Figaro | Botiga online | Dinamica Ballet","isPartOf":{"@id":"https:\/\/www.dinamicaballet.com\/ca\/#website"},"primaryImageOfPage":{"@id":"https:\/\/www.dinamicaballet.com\/ca\/producto\/mirall-professional-de-paret-figaro\/#primaryimage"},"image":{"@id":"https:\/\/www.dinamicaballet.com\/ca\/producto\/mirall-professional-de-paret-figaro\/#primaryimage"},"thumbnailUrl":"https:\/\/www.dinamicaballet.com\/wp-content\/uploads\/2020\/12\/dinamica_ballet_shop_figaro_01.jpg","datePublished":"2020-12-03T16:24:54+00:00","dateModified":"2025-09-05T03:33:31+00:00","description":"Mirall per a professionals de les arts esc\u00e8niques i l\u2019esport que ofereix un reflex perfecte, sense cap deformaci\u00f3 a qualsevol dist\u00e0ncia.","inLanguage":"ca","potentialAction":[{"@type":"ReadAction","target":["https:\/\/www.dinamicaballet.com\/ca\/producto\/mirall-professional-de-paret-figaro\/"]}]},{"@type":"ImageObject","inLanguage":"ca","@id":"https:\/\/www.dinamicaballet.com\/ca\/producto\/mirall-professional-de-paret-figaro\/#primaryimage","url":"https:\/\/www.dinamicaballet.com\/wp-content\/uploads\/2020\/12\/dinamica_ballet_shop_figaro_01.jpg","contentUrl":"https:\/\/www.dinamicaballet.com\/wp-content\/uploads\/2020\/12\/dinamica_ballet_shop_figaro_01.jpg","width":600,"height":800,"caption":"Mirall professional de paret Figaro"},{"@type":"WebSite","@id":"https:\/\/www.dinamicaballet.com\/ca\/#website","url":"https:\/\/www.dinamicaballet.com\/ca\/","name":"Dinamica Ballet","description":"Especialistas en barras de ballet y espejos para la danza","publisher":{"@id":"https:\/\/www.dinamicaballet.com\/ca\/#organization"},"potentialAction":[{"@type":"SearchAction","target":{"@type":"EntryPoint","urlTemplate":"https:\/\/www.dinamicaballet.com\/ca\/?s={search_term_string}"},"query-input":{"@type":"PropertyValueSpecification","valueRequired":true,"valueName":"search_term_string"}}],"inLanguage":"ca"},{"@type":"Organization","@id":"https:\/\/www.dinamicaballet.com\/ca\/#organization","name":"Dinamica Ballet","url":"https:\/\/www.dinamicaballet.com\/ca\/","logo":{"@type":"ImageObject","inLanguage":"ca","@id":"https:\/\/www.dinamicaballet.com\/ca\/#\/schema\/logo\/image\/","url":"https:\/\/www.dinamicaballet.com\/wp-content\/uploads\/2022\/03\/logo_dinamica_ballet.svg","contentUrl":"https:\/\/www.dinamicaballet.com\/wp-content\/uploads\/2022\/03\/logo_dinamica_ballet.svg","width":284,"height":51,"caption":"Dinamica Ballet"},"image":{"@id":"https:\/\/www.dinamicaballet.com\/ca\/#\/schema\/logo\/image\/"},"sameAs":["https:\/\/www.facebook.com\/dinamicaballet","https:\/\/www.instagram.com\/dinamicaballet\/","http:\/\/www.linkedin.com\/company\/dinamica-ballet","https:\/\/www.pinterest.com\/DinamicaBallet\/"]}]}},"taxonomy_info":{"product_cat":[{"value":102,"label":"Miralls"}]},"featured_image_src_large":["https:\/\/www.dinamicaballet.com\/wp-content\/uploads\/2020\/12\/dinamica_ballet_shop_figaro_01.jpg",600,800,false],"author_info":[],"comment_info":"","_links":{"self":[{"href":"https:\/\/www.dinamicaballet.com\/ca\/wp-json\/wp\/v2\/product\/7179","targetHints":{"allow":["GET"]}}],"collection":[{"href":"https:\/\/www.dinamicaballet.com\/ca\/wp-json\/wp\/v2\/product"}],"about":[{"href":"https:\/\/www.dinamicaballet.com\/ca\/wp-json\/wp\/v2\/types\/product"}],"wp:featuredmedia":[{"embeddable":true,"href":"https:\/\/www.dinamicaballet.com\/ca\/wp-json\/wp\/v2\/media\/7188"}],"wp:attachment":[{"href":"https:\/\/www.dinamicaballet.com\/ca\/wp-json\/wp\/v2\/media?parent=7179"}],"wp:term":[{"taxonomy":"product_brand","embeddable":true,"href":"https:\/\/www.dinamicaballet.com\/ca\/wp-json\/wp\/v2\/product_brand?post=7179"},{"taxonomy":"product_cat","embeddable":true,"href":"https:\/\/www.dinamicaballet.com\/ca\/wp-json\/wp\/v2\/product_cat?post=7179"},{"taxonomy":"product_tag","embeddable":true,"href":"https:\/\/www.dinamicaballet.com\/ca\/wp-json\/wp\/v2\/product_tag?post=7179"}],"curies":[{"name":"wp","href":"https:\/\/api.w.org\/{rel}","templated":true}]}}