{"id":69637,"date":"2023-03-24T11:52:59","date_gmt":"2023-03-24T10:52:59","guid":{"rendered":"https:\/\/www.dinamicaballet.com\/?post_type=product&#038;p=69637"},"modified":"2025-09-10T08:29:23","modified_gmt":"2025-09-10T07:29:23","slug":"pack-3-miralls-2x1m-amb-barra-de-paret-arabesque-de-3m","status":"publish","type":"product","link":"https:\/\/www.dinamicaballet.com\/ca\/producto\/pack-3-miralls-2x1m-amb-barra-de-paret-arabesque-de-3m\/","title":{"rendered":"Pack 3 miralls amb barra de paret Arabesque de 3m"},"content":{"rendered":"<h3><strong>Aprofita al m\u00e0xim el teu espai<\/strong><\/h3>\n<p>Hem desenvolupat la soluci\u00f3 per poder combinar miralls i barres de ballet de manera efectiva. Els nostres equips de disseny i fabricaci\u00f3 han creat un mirall amb una obertura emmarcada que no afebleix la integritat de l\u2019estructura general. A trav\u00e9s de l\u2019espai creat de 20 x 10 cent\u00edmetres, els suports Arabesque s\u2019uneixen directament a la paret sense afegir pressi\u00f3 addicional al mirall i garantint-ne una instal\u00b7laci\u00f3 segura. El mirall per a professionals Amadeus de 4 mil\u00b7l\u00edmetres de gruix \u00e9s de la m\u00e9s alta qualitat. Diversos alumnes situats a diferents dist\u00e0ncies del mirall podran treballar amb precisi\u00f3 gr\u00e0cies al reflex sense deformacions en tota la superf\u00edcie.<\/p>\n<p>&nbsp;<\/p>\n<h3><strong>Un mirall d\u2019alta seguretat<\/strong><\/h3>\n<p>El gruix del mirall, la protecci\u00f3 dels marcs d\u2019alumini i el sistema de fixaci\u00f3 aporten a l\u2019Amadeus gran robustesa i un grau molt elevat de protecci\u00f3 en cas de trencament. Malgrat tot, si el mirall rep un fort impacte, es podria arribar a trencar; per aix\u00f2 apliquem una pel\u00b7l\u00edcula protectora de seguretat que evita que que se\u2019n desprenguin fragments i puguin arribar a ferir\u00a0 alg\u00fa.<\/p>\n<h2><\/h2>\n<h3><strong>Detalls que marquen la difer\u00e8ncia<\/strong><\/h3>\n<p>Els ancoratges d\u2019acer galvanitzat per fixar el mirall a la paret encaixen en les ranures que es troben en el marc del mirall, garantint una subjecci\u00f3 perfecta a la paret. Col\u00b7locat sobre el s\u00f2col, el mirall queda totalment pla a la paret i el pes repartit per tota la superf\u00edcie. Aconseguir\u00e0s una alineaci\u00f3 perfecta i estabilitat total en tota la instal\u00b7laci\u00f3, sigui quin sigui el nombre de miralls de la sala. Els marcs d\u2019alumini del per\u00edmetre i l\u2019obertura protegeixen el mirall i permeten la uni\u00f3 entre diferents unitats amb seguretat i sense desviacions.<\/p>\n<p>&nbsp;<\/p>\n<h3><span style=\"font-size: 20px;\"><a href=\"https:\/\/www.dinamicaballet.com\/wp-content\/uploads\/2021\/07\/FT-AMADEUS-0925.pdf\" class=\"su-button su-button-style-default\" style=\"color:#006B7C;background-color:#FFF2D5;border-color:#ccc2ab;border-radius:5px\" target=\"_blank\" rel=\"noopener noreferrer\"><span style=\"color:#006B7C;padding:0px 16px;font-size:13px;line-height:26px;border-color:#fff6e2;border-radius:5px;text-shadow:none\"> Descarregar fitxa t\u00e8cnica<\/span><\/a> <a href=\"https:\/\/www.dinamicaballet.com\/wp-content\/uploads\/2021\/07\/Instruccions-Amadeus.pdf\" class=\"su-button su-button-style-default\" style=\"color:#006B7C;background-color:#FFF2D5;border-color:#ccc2ab;border-radius:5px\" target=\"_blank\" rel=\"noopener noreferrer\"><span style=\"color:#006B7C;padding:0px 16px;font-size:13px;line-height:26px;border-color:#fff6e2;border-radius:5px;text-shadow:none\"> Descarregar instruccions<\/span><\/a><\/span><\/h3>\n<p>&nbsp;<\/p>\n<div class=\"su-youtube su-u-responsive-media-yes\"><iframe loading=\"lazy\" width=\"600\" height=\"400\" src=\"https:\/\/www.youtube.com\/embed\/wjAG0Slm6Zg?\" frameborder=\"0\" allowfullscreen allow=\"autoplay; encrypted-media; picture-in-picture\" title=\"\"><\/iframe><\/div>\n","protected":false},"excerpt":{"rendered":"<p>L\u2019Amadeus \u00e9s un mirall professional dissenyat per treballar en harmonia amb les nostres barres de ballet muntades a la paret. Gr\u00e0cies a una obertura especialment dissenyada a trav\u00e9s del vidre, l\u2019Amadeus pot instal\u00b7lar-se amb els nostres suports de paret Arabesque. Aquest mirall amb reflex perfecte \u00e9s una eina ideal per perfeccionar la t\u00e8cnica de ballet i treure el m\u00e0xim rendiment al teu espai.<\/p>\n<p>El conjunt inclou:<\/p>\n<p>&#8211; 2 miralls de paret amb obertura\u00a0Amadeus 200 x 100 cm<br \/>\n&#8211; 1 mirall de paret Figaro 200 x 100 cm<br \/>\n&#8211; 2 suports de paret Arabesque color plata<br \/>\n&#8211; 1 barra de fusta de pi Melis de 3 metres<\/p>\n<p>&nbsp;<\/p>\n<p><strong>IVA I TRANSPORT INCL\u00d2S\u00a0<\/strong><\/p>\n","protected":false},"featured_media":69643,"template":"","meta":{"_editorskit_title_hidden":false,"_editorskit_reading_time":0,"_editorskit_is_block_options_detached":false,"_editorskit_block_options_position":"{}","inline_featured_image":false,"_kad_blocks_custom_css":"","_kad_blocks_head_custom_js":"","_kad_blocks_body_custom_js":"","_kad_blocks_footer_custom_js":""},"product_brand":[],"product_cat":[99,102,107],"product_tag":[],"class_list":{"0":"post-69637","1":"product","2":"type-product","3":"status-publish","4":"has-post-thumbnail","6":"product_cat-barres-de-paret","7":"product_cat-miralls","8":"product_cat-premium-ca","9":"post","10":"with-featured-image","12":"first","13":"instock","14":"sold-individually","15":"taxable","16":"shipping-taxable","17":"purchasable","18":"product-type-simple"},"yoast_head":"<!-- This site is optimized with the Yoast SEO plugin v27.0 - https:\/\/yoast.com\/product\/yoast-seo-wordpress\/ -->\n<title>Pack 3 miralls de paret amb barra de paret Arabesque de 3 metres<\/title>\n<meta name=\"description\" content=\"El gruix del mirall, la protecci\u00f3 dels marcs d\u2019alumini i el sistema de fixaci\u00f3 aporten a l\u2019Amadeus gran robustesa i un grau molt elevat de protecci\u00f3\" \/>\n<meta name=\"robots\" content=\"index, follow, max-snippet:-1, max-image-preview:large, max-video-preview:-1\" \/>\n<link rel=\"canonical\" href=\"https:\/\/www.dinamicaballet.com\/ca\/producto\/pack-3-miralls-2x1m-amb-barra-de-paret-arabesque-de-3m\/\" \/>\n<meta property=\"og:locale\" content=\"ca_ES\" \/>\n<meta property=\"og:type\" content=\"article\" \/>\n<meta property=\"og:title\" content=\"Pack 3 miralls de paret amb barra de paret Arabesque de 3 metres\" \/>\n<meta property=\"og:description\" content=\"El gruix del mirall, la protecci\u00f3 dels marcs d\u2019alumini i el sistema de fixaci\u00f3 aporten a l\u2019Amadeus gran robustesa i un grau molt elevat de protecci\u00f3\" \/>\n<meta property=\"og:url\" content=\"https:\/\/www.dinamicaballet.com\/ca\/producto\/pack-3-miralls-2x1m-amb-barra-de-paret-arabesque-de-3m\/\" \/>\n<meta property=\"og:site_name\" content=\"Dinamica Ballet\" \/>\n<meta property=\"article:publisher\" content=\"https:\/\/www.facebook.com\/dinamicaballet\" \/>\n<meta property=\"article:modified_time\" content=\"2025-09-10T07:29:23+00:00\" \/>\n<meta property=\"og:image\" content=\"https:\/\/www.dinamicaballet.com\/wp-content\/uploads\/2023\/03\/AmadeusArabesque-3m.png\" \/>\n\t<meta property=\"og:image:width\" content=\"600\" \/>\n\t<meta property=\"og:image:height\" content=\"800\" \/>\n\t<meta property=\"og:image:type\" content=\"image\/png\" \/>\n<meta name=\"twitter:card\" content=\"summary_large_image\" \/>\n<meta name=\"twitter:label1\" content=\"Temps estimat de lectura\" \/>\n\t<meta name=\"twitter:data1\" content=\"2 minuts\" \/>\n<script type=\"application\/ld+json\" class=\"yoast-schema-graph\">{\"@context\":\"https:\/\/schema.org\",\"@graph\":[{\"@type\":\"WebPage\",\"@id\":\"https:\/\/www.dinamicaballet.com\/ca\/producto\/pack-3-miralls-2x1m-amb-barra-de-paret-arabesque-de-3m\/\",\"url\":\"https:\/\/www.dinamicaballet.com\/ca\/producto\/pack-3-miralls-2x1m-amb-barra-de-paret-arabesque-de-3m\/\",\"name\":\"Pack 3 miralls de paret amb barra de paret Arabesque de 3 metres\",\"isPartOf\":{\"@id\":\"https:\/\/www.dinamicaballet.com\/ca\/#website\"},\"primaryImageOfPage\":{\"@id\":\"https:\/\/www.dinamicaballet.com\/ca\/producto\/pack-3-miralls-2x1m-amb-barra-de-paret-arabesque-de-3m\/#primaryimage\"},\"image\":{\"@id\":\"https:\/\/www.dinamicaballet.com\/ca\/producto\/pack-3-miralls-2x1m-amb-barra-de-paret-arabesque-de-3m\/#primaryimage\"},\"thumbnailUrl\":\"https:\/\/www.dinamicaballet.com\/wp-content\/uploads\/2023\/03\/AmadeusArabesque-3m.png\",\"datePublished\":\"2023-03-24T10:52:59+00:00\",\"dateModified\":\"2025-09-10T07:29:23+00:00\",\"description\":\"El gruix del mirall, la protecci\u00f3 dels marcs d\u2019alumini i el sistema de fixaci\u00f3 aporten a l\u2019Amadeus gran robustesa i un grau molt elevat de protecci\u00f3\",\"inLanguage\":\"ca\",\"potentialAction\":[{\"@type\":\"ReadAction\",\"target\":[\"https:\/\/www.dinamicaballet.com\/ca\/producto\/pack-3-miralls-2x1m-amb-barra-de-paret-arabesque-de-3m\/\"]}]},{\"@type\":\"ImageObject\",\"inLanguage\":\"ca\",\"@id\":\"https:\/\/www.dinamicaballet.com\/ca\/producto\/pack-3-miralls-2x1m-amb-barra-de-paret-arabesque-de-3m\/#primaryimage\",\"url\":\"https:\/\/www.dinamicaballet.com\/wp-content\/uploads\/2023\/03\/AmadeusArabesque-3m.png\",\"contentUrl\":\"https:\/\/www.dinamicaballet.com\/wp-content\/uploads\/2023\/03\/AmadeusArabesque-3m.png\",\"width\":600,\"height\":800,\"caption\":\"Wall mirror with wall ballet barre\"},{\"@type\":\"WebSite\",\"@id\":\"https:\/\/www.dinamicaballet.com\/ca\/#website\",\"url\":\"https:\/\/www.dinamicaballet.com\/ca\/\",\"name\":\"Dinamica Ballet\",\"description\":\"Especialistas en barras de ballet y espejos para la danza\",\"publisher\":{\"@id\":\"https:\/\/www.dinamicaballet.com\/ca\/#organization\"},\"potentialAction\":[{\"@type\":\"SearchAction\",\"target\":{\"@type\":\"EntryPoint\",\"urlTemplate\":\"https:\/\/www.dinamicaballet.com\/ca\/?s={search_term_string}\"},\"query-input\":{\"@type\":\"PropertyValueSpecification\",\"valueRequired\":true,\"valueName\":\"search_term_string\"}}],\"inLanguage\":\"ca\"},{\"@type\":\"Organization\",\"@id\":\"https:\/\/www.dinamicaballet.com\/ca\/#organization\",\"name\":\"Dinamica Ballet\",\"url\":\"https:\/\/www.dinamicaballet.com\/ca\/\",\"logo\":{\"@type\":\"ImageObject\",\"inLanguage\":\"ca\",\"@id\":\"https:\/\/www.dinamicaballet.com\/ca\/#\/schema\/logo\/image\/\",\"url\":\"https:\/\/www.dinamicaballet.com\/wp-content\/uploads\/2022\/03\/logo_dinamica_ballet.svg\",\"contentUrl\":\"https:\/\/www.dinamicaballet.com\/wp-content\/uploads\/2022\/03\/logo_dinamica_ballet.svg\",\"width\":284,\"height\":51,\"caption\":\"Dinamica Ballet\"},\"image\":{\"@id\":\"https:\/\/www.dinamicaballet.com\/ca\/#\/schema\/logo\/image\/\"},\"sameAs\":[\"https:\/\/www.facebook.com\/dinamicaballet\",\"https:\/\/www.instagram.com\/dinamicaballet\/\",\"http:\/\/www.linkedin.com\/company\/dinamica-ballet\",\"https:\/\/www.pinterest.com\/DinamicaBallet\/\"]}]}<\/script>\n<!-- \/ Yoast SEO plugin. -->","yoast_head_json":{"title":"Pack 3 miralls de paret amb barra de paret Arabesque de 3 metres","description":"El gruix del mirall, la protecci\u00f3 dels marcs d\u2019alumini i el sistema de fixaci\u00f3 aporten a l\u2019Amadeus gran robustesa i un grau molt elevat de protecci\u00f3","robots":{"index":"index","follow":"follow","max-snippet":"max-snippet:-1","max-image-preview":"max-image-preview:large","max-video-preview":"max-video-preview:-1"},"canonical":"https:\/\/www.dinamicaballet.com\/ca\/producto\/pack-3-miralls-2x1m-amb-barra-de-paret-arabesque-de-3m\/","og_locale":"ca_ES","og_type":"article","og_title":"Pack 3 miralls de paret amb barra de paret Arabesque de 3 metres","og_description":"El gruix del mirall, la protecci\u00f3 dels marcs d\u2019alumini i el sistema de fixaci\u00f3 aporten a l\u2019Amadeus gran robustesa i un grau molt elevat de protecci\u00f3","og_url":"https:\/\/www.dinamicaballet.com\/ca\/producto\/pack-3-miralls-2x1m-amb-barra-de-paret-arabesque-de-3m\/","og_site_name":"Dinamica Ballet","article_publisher":"https:\/\/www.facebook.com\/dinamicaballet","article_modified_time":"2025-09-10T07:29:23+00:00","og_image":[{"width":600,"height":800,"url":"https:\/\/www.dinamicaballet.com\/wp-content\/uploads\/2023\/03\/AmadeusArabesque-3m.png","type":"image\/png"}],"twitter_card":"summary_large_image","twitter_misc":{"Temps estimat de lectura":"2 minuts"},"schema":{"@context":"https:\/\/schema.org","@graph":[{"@type":"WebPage","@id":"https:\/\/www.dinamicaballet.com\/ca\/producto\/pack-3-miralls-2x1m-amb-barra-de-paret-arabesque-de-3m\/","url":"https:\/\/www.dinamicaballet.com\/ca\/producto\/pack-3-miralls-2x1m-amb-barra-de-paret-arabesque-de-3m\/","name":"Pack 3 miralls de paret amb barra de paret Arabesque de 3 metres","isPartOf":{"@id":"https:\/\/www.dinamicaballet.com\/ca\/#website"},"primaryImageOfPage":{"@id":"https:\/\/www.dinamicaballet.com\/ca\/producto\/pack-3-miralls-2x1m-amb-barra-de-paret-arabesque-de-3m\/#primaryimage"},"image":{"@id":"https:\/\/www.dinamicaballet.com\/ca\/producto\/pack-3-miralls-2x1m-amb-barra-de-paret-arabesque-de-3m\/#primaryimage"},"thumbnailUrl":"https:\/\/www.dinamicaballet.com\/wp-content\/uploads\/2023\/03\/AmadeusArabesque-3m.png","datePublished":"2023-03-24T10:52:59+00:00","dateModified":"2025-09-10T07:29:23+00:00","description":"El gruix del mirall, la protecci\u00f3 dels marcs d\u2019alumini i el sistema de fixaci\u00f3 aporten a l\u2019Amadeus gran robustesa i un grau molt elevat de protecci\u00f3","inLanguage":"ca","potentialAction":[{"@type":"ReadAction","target":["https:\/\/www.dinamicaballet.com\/ca\/producto\/pack-3-miralls-2x1m-amb-barra-de-paret-arabesque-de-3m\/"]}]},{"@type":"ImageObject","inLanguage":"ca","@id":"https:\/\/www.dinamicaballet.com\/ca\/producto\/pack-3-miralls-2x1m-amb-barra-de-paret-arabesque-de-3m\/#primaryimage","url":"https:\/\/www.dinamicaballet.com\/wp-content\/uploads\/2023\/03\/AmadeusArabesque-3m.png","contentUrl":"https:\/\/www.dinamicaballet.com\/wp-content\/uploads\/2023\/03\/AmadeusArabesque-3m.png","width":600,"height":800,"caption":"Wall mirror with wall ballet barre"},{"@type":"WebSite","@id":"https:\/\/www.dinamicaballet.com\/ca\/#website","url":"https:\/\/www.dinamicaballet.com\/ca\/","name":"Dinamica Ballet","description":"Especialistas en barras de ballet y espejos para la danza","publisher":{"@id":"https:\/\/www.dinamicaballet.com\/ca\/#organization"},"potentialAction":[{"@type":"SearchAction","target":{"@type":"EntryPoint","urlTemplate":"https:\/\/www.dinamicaballet.com\/ca\/?s={search_term_string}"},"query-input":{"@type":"PropertyValueSpecification","valueRequired":true,"valueName":"search_term_string"}}],"inLanguage":"ca"},{"@type":"Organization","@id":"https:\/\/www.dinamicaballet.com\/ca\/#organization","name":"Dinamica Ballet","url":"https:\/\/www.dinamicaballet.com\/ca\/","logo":{"@type":"ImageObject","inLanguage":"ca","@id":"https:\/\/www.dinamicaballet.com\/ca\/#\/schema\/logo\/image\/","url":"https:\/\/www.dinamicaballet.com\/wp-content\/uploads\/2022\/03\/logo_dinamica_ballet.svg","contentUrl":"https:\/\/www.dinamicaballet.com\/wp-content\/uploads\/2022\/03\/logo_dinamica_ballet.svg","width":284,"height":51,"caption":"Dinamica Ballet"},"image":{"@id":"https:\/\/www.dinamicaballet.com\/ca\/#\/schema\/logo\/image\/"},"sameAs":["https:\/\/www.facebook.com\/dinamicaballet","https:\/\/www.instagram.com\/dinamicaballet\/","http:\/\/www.linkedin.com\/company\/dinamica-ballet","https:\/\/www.pinterest.com\/DinamicaBallet\/"]}]}},"taxonomy_info":{"product_cat":[{"value":99,"label":"Barres de Paret"},{"value":102,"label":"Miralls"},{"value":107,"label":"Premium"}]},"featured_image_src_large":["https:\/\/www.dinamicaballet.com\/wp-content\/uploads\/2023\/03\/AmadeusArabesque-3m.png",600,800,false],"author_info":[],"comment_info":"","_links":{"self":[{"href":"https:\/\/www.dinamicaballet.com\/ca\/wp-json\/wp\/v2\/product\/69637","targetHints":{"allow":["GET"]}}],"collection":[{"href":"https:\/\/www.dinamicaballet.com\/ca\/wp-json\/wp\/v2\/product"}],"about":[{"href":"https:\/\/www.dinamicaballet.com\/ca\/wp-json\/wp\/v2\/types\/product"}],"wp:featuredmedia":[{"embeddable":true,"href":"https:\/\/www.dinamicaballet.com\/ca\/wp-json\/wp\/v2\/media\/69643"}],"wp:attachment":[{"href":"https:\/\/www.dinamicaballet.com\/ca\/wp-json\/wp\/v2\/media?parent=69637"}],"wp:term":[{"taxonomy":"product_brand","embeddable":true,"href":"https:\/\/www.dinamicaballet.com\/ca\/wp-json\/wp\/v2\/product_brand?post=69637"},{"taxonomy":"product_cat","embeddable":true,"href":"https:\/\/www.dinamicaballet.com\/ca\/wp-json\/wp\/v2\/product_cat?post=69637"},{"taxonomy":"product_tag","embeddable":true,"href":"https:\/\/www.dinamicaballet.com\/ca\/wp-json\/wp\/v2\/product_tag?post=69637"}],"curies":[{"name":"wp","href":"https:\/\/api.w.org\/{rel}","templated":true}]}}